{"id":9,"date":"2014-05-12T14:10:08","date_gmt":"2014-05-12T12:10:08","guid":{"rendered":"http:\/\/www.icpsolution.com\/?page_id=9"},"modified":"2026-05-12T10:13:40","modified_gmt":"2026-05-12T09:13:40","slug":"loesungen","status":"publish","type":"page","link":"https:\/\/www.icpsolution.com\/?page_id=9","title":{"rendered":"L\u00f6sungen"},"content":{"rendered":"<p><strong>Die ICP Solution bietet L\u00f6sungskomponenten f\u00fcr die Produktentwicklung. Hier die drei Schwerpunkte unseres\u00a0L\u00f6sungsangebotes:\u00a0<\/strong><\/p>\n<h3 style=\"text-align: center;\"><strong>Product Lifecycle\u00a0Management mit Agile PLM<\/strong><\/h3>\n<p>Eine vollumf\u00e4ngliche PLM-L\u00f6sung besteht neben der Basis-Applikation aus mehreren zus\u00e4tzlichen Komponenten. Die Integration von Autoren-Systemen wie M-CAD, E-CAD und Office Dokumenten sind ebenso wichtige Bausteine wie die Integration in andere unternehmenskritische Applikationen (z.B. ERP-Systeme).\u00a0Ebenfalls zu unserem Produktportfolio z\u00e4hlen Viewing-L\u00f6sungen, Output-Management, Publishing- und Enterprise Search-L\u00f6sungen.<\/p>\n<p style=\"text-align: center;\">\n<h3 style=\"text-align: center;\"><strong>Innovation Management<\/strong><\/h3>\n<p>Oracle Innovation Management in der Cloud erm\u00f6glicht durch einen geregelten Prozess die Auswahl und Umsetzung der besten Ideen und Erfindungen in profitable Kundenangebote\u00a0und\u00a0gew\u00e4hrt somit eine 360\u00b0 Sicht auf jedes potenzielles Investment.<\/p>\n<p style=\"text-align: center;\">\n<h3 style=\"text-align: center;\"><strong>Visual Analytics<\/strong><\/h3>\n<p>Mit Hilfe von\u00a0Tableau Desktop ist es sehr leicht, Fragen zu Ihren Daten visuell und innerhalb von Minuten zu beantworten. Verbindung zu beliebigen Daten und die Analyse \u00fcber Drag &amp; Drop beginnen. Interaktive Visualisierungen und Dashboards erstellen &#8211; ohne Programmieren. Anschlie\u00dfend geben Sie sie \u00fcber einige Klicks frei. Tableau stellt eine Live-Verbindung zu den meisten Datenbanken und Tabellenkalkulationen her und bietet auch ein schnelles, speicherinternes Datenmodul, mit dem die Analyse beschleunigt wird. Jeder, der mit Excel umgehen kann, kann Tableau schnell erlernen.<\/p>\n<p style=\"text-align: center;\">\n","protected":false},"excerpt":{"rendered":"<p>Die ICP Solution bietet L\u00f6sungskomponenten f\u00fcr die Produktentwicklung. Hier die drei Schwerpunkte unseres\u00a0L\u00f6sungsangebotes:\u00a0 Product Lifecycle\u00a0Management mit Agile PLM Eine vollumf\u00e4ngliche PLM-L\u00f6sung besteht neben der Basis-Applikation aus mehreren zus\u00e4tzlichen Komponenten. Die Integration von Autoren-Systemen wie M-CAD, E-CAD und Office Dokumenten sind ebenso wichtige Bausteine wie die Integration in andere unternehmenskritische Applikationen (z.B. ERP-Systeme).\u00a0Ebenfalls zu unserem Produktportfolio [&hellip;]<\/p>\n","protected":false},"author":9,"featured_media":0,"parent":0,"menu_order":0,"comment_status":"closed","ping_status":"closed","template":"","meta":{"footnotes":""},"class_list":["post-9","page","type-page","status-publish","hentry","language-de"],"_links":{"self":[{"href":"https:\/\/www.icpsolution.com\/index.php?rest_route=\/wp\/v2\/pages\/9","targetHints":{"allow":["GET"]}}],"collection":[{"href":"https:\/\/www.icpsolution.com\/index.php?rest_route=\/wp\/v2\/pages"}],"about":[{"href":"https:\/\/www.icpsolution.com\/index.php?rest_route=\/wp\/v2\/types\/page"}],"author":[{"embeddable":true,"href":"https:\/\/www.icpsolution.com\/index.php?rest_route=\/wp\/v2\/users\/9"}],"replies":[{"embeddable":true,"href":"https:\/\/www.icpsolution.com\/index.php?rest_route=%2Fwp%2Fv2%2Fcomments&post=9"}],"version-history":[{"count":22,"href":"https:\/\/www.icpsolution.com\/index.php?rest_route=\/wp\/v2\/pages\/9\/revisions"}],"predecessor-version":[{"id":2980,"href":"https:\/\/www.icpsolution.com\/index.php?rest_route=\/wp\/v2\/pages\/9\/revisions\/2980"}],"wp:attachment":[{"href":"https:\/\/www.icpsolution.com\/index.php?rest_route=%2Fwp%2Fv2%2Fmedia&parent=9"}],"curies":[{"name":"wp","href":"https:\/\/api.w.org\/{rel}","templated":true}]}}