{"id":745,"date":"2014-07-15T13:16:24","date_gmt":"2014-07-15T11:16:24","guid":{"rendered":"http:\/\/www.icpsolution.com\/?page_id=745"},"modified":"2020-10-26T13:21:29","modified_gmt":"2020-10-26T12:21:29","slug":"datenschutz_entwurf","status":"publish","type":"page","link":"https:\/\/www.icpsolution.com\/?page_id=745","title":{"rendered":"Datenschutz"},"content":{"rendered":"<p><strong>Datenschutzerkl\u00e4rung der ICP Solution GmbH<br \/>\n<\/strong>Die ICP Solution GmbH (nachfolgend \u00bbICP\u00ab genannt) verpflichtet sich, seinen Online-Benutzern Informationen in einer effizienten und sicheren Weise anzubieten. In dieser Datenschutzerkl\u00e4rung wird erl\u00e4utert, welche personenbezogenen Daten auf der Webseite von den Benutzern gesammelt werden. Au\u00dferdem wird erl\u00e4utert, wie diese Informationen verwendet werden, und welche Ma\u00dfnahmen ICP zum Schutz der personenbezogenen Daten der Benutzer unternimmt.<\/p>\n<p><strong>Was sind personenbezogene Daten?<\/strong><br \/>\nPersonenbezogene Daten sind Einzelangaben \u00fcber pers\u00f6nliche oder sachliche Verh\u00e4ltnisse einer bestimmten oder bestimmbaren nat\u00fcrlichen Person. Darunter sind Informationen zu verstehen wie z.B. Ihr richtiger Name, Ihre Anschrift, Ihre Telefonnummer und Ihr Geburtsdatum. Informationen, die nicht direkt mit Ihrer wirklichen Identit\u00e4t in Verbindung gebracht werden, beispielsweise bevorzugte Webseiten oder Anzahl der Nutzer einer Webseite, sind keine personenbezogenen Daten.<\/p>\n<p><strong>Welche personenbezogenen Daten werden auf der ICP Webseite gesammelt?<\/strong><br \/>\nBenutzer der ICP Webseite m\u00fcssen sich nicht registrieren lassen. Stattdessen sammeln wir nur die erforderlichen Informationen, um Ihnen im Einzelfall unsere Produkte anbieten zu k\u00f6nnen. Hierf\u00fcr speichern unsere Webserver standardm\u00e4\u00dfig zum Zweck der Systemsicherheit tempor\u00e4r die Verbindungsdaten des anfragenden Rechners, die Webseiten, die Sie bei uns besuchen, das Datum und die Dauer des Besuches, die Erkennungsdaten des verwendeten Browsers- und Betriebssystems sowie gegebenenfalls die Website von der Sie uns besuchen. Sofern Sie Angaben freiwillig machen, werden diese Daten, beispielsweise Name, E-Mail-Adresse, Postanschrift, Telefon- und Faxnummern, bei uns gespeichert.<\/p>\n<p><strong>Wie verwendet ICP die auf der ICP Webseite gesammelten personenbezogenen Daten?<\/strong><br \/>\nAuf der ICP Webseite gesammelte Informationen \u00fcber einzelne Benutzer werden nur f\u00fcr interne Unternehmenszwecke verwendet. Nur dann, wenn Sie uns zuvor Ihre Einwilligung erteilt haben, bzw. wenn Sie \u2013 soweit gesetzliche Regelungen dies vorsehen \u2013 keinen Widerspruch eingelegt haben, nutzen wir diese Informationen auch, um Sie \u00fcber Nachrichten, Verbesserungen bzw. Neuerungen von Produkten zu informieren, die Sie m\u00f6glicherweise besonders interessieren.<\/p>\n<p><strong>Bietet ICP die auf der ICP Webseite gesammelten personenbezogenen Daten Dritten an?<\/strong><br \/>\nICP f\u00fchrt mit den online gesammelten personenbezogenen Daten keinen Verkauf, keinen Handel und keine Ausleihe durch und gibt keine personenbezogenen Daten wissentlich an Dritte weiter.<\/p>\n<p><strong>Erfassung allgemeiner Informationen beim Besuch unserer Website (Cookies)<\/strong><br \/>\nWenn Sie auf unsere Website zugreifen, werden automatisch mittels Cookies Informationen allgemeiner Natur erfasst. Diese Informationen (Server-Logfiles) beinhalten etwa die Art des Webbrowsers, das verwendete Betriebssystem, den Domainnamen Ihres Internet-Service-Providers und \u00e4hnliches. Hierbei handelt es sich ausschlie\u00dflich um Informationen, welche keine R\u00fcckschl\u00fcsse auf Ihre Person zulassen.<\/p>\n<p>Diese Informationen sind technisch notwendig, um von Ihnen angeforderte Inhalte von Webseiten korrekt auszuliefern und fallen bei Nutzung des Internets zwingend an. Sie werden insbesondere zu folgenden Zwecken verarbeitet:<\/p>\n<ul>\n<li>Sicherstellung eines problemlosen Verbindungsaufbaus der Website,<\/li>\n<li>Sicherstellung einer reibungslosen Nutzung unserer Website,<\/li>\n<li>Auswertung der Systemsicherheit und -stabilit\u00e4t sowie<\/li>\n<li>zu weiteren administrativen Zwecken.<\/li>\n<\/ul>\n<p>Die Verarbeitung Ihrer personenbezogenen Daten basiert auf unserem berechtigten Interesse aus den vorgenannten Zwecken zur Datenerhebung. Wir verwenden Ihre Daten nicht, um R\u00fcckschl\u00fcsse auf Ihre Person zu ziehen. Empf\u00e4nger der Daten sind nur die verantwortliche Stelle und ggf. Auftragsverarbeiter.<\/p>\n<p>Anonyme Informationen dieser Art werden von uns ggfs. statistisch ausgewertet, um unseren Internetauftritt und die dahinterstehende Technik zu optimieren.<\/p>\n<p><strong>Verwendung von Google Analytics<\/strong><br \/>\nDiese Website benutzt Google Analytics, einen Webanalysedienst der Google Inc. (folgend: Google). Google Analytics verwendet sog. \u201eCookies\u201c, also Textdateien, die auf Ihrem Computer gespeichert werden und die eine Analyse der Benutzung der Webseite durch Sie erm\u00f6glichen. Die durch das Cookie erzeugten Informationen \u00fcber Ihre Benutzung dieser Webseite werden in der Regel an einen Server von Google in den USA \u00fcbertragen und dort gespeichert. Aufgrund der Aktivierung der IP-Anonymisierung auf diesen Webseiten, wird Ihre IP-Adresse von Google jedoch innerhalb von Mitgliedstaaten der Europ\u00e4ischen Union oder in anderen Vertragsstaaten des Abkommens \u00fcber den Europ\u00e4ischen Wirtschaftsraum zuvor gek\u00fcrzt. Nur in Ausnahmef\u00e4llen wird die volle IP-Adresse an einen Server von Google in den USA \u00fcbertragen und dort gek\u00fcrzt. Im Auftrag des Betreibers dieser Website wird Google diese Informationen benutzen, um Ihre Nutzung der Webseite auszuwerten, um Reports \u00fcber die Webseitenaktivit\u00e4ten zusammenzustellen und um weitere mit der Websitenutzung und der Internetnutzung verbundene Dienstleistungen gegen\u00fcber dem Webseitenbetreiber zu erbringen. Die im Rahmen von Google Analytics von Ihrem Browser \u00fcbermittelte IP-Adresse wird nicht mit anderen Daten von Google zusammengef\u00fchrt.<\/p>\n<p>Die Zwecke der Datenverarbeitung liegen in der Auswertung der Nutzung der Website und in der Zusammenstellung von Reports \u00fcber Aktivit\u00e4ten auf der Website. Auf Grundlage der Nutzung der Website und des Internets sollen dann weitere verbundene Dienstleistungen erbracht werden. Die Verarbeitung beruht auf dem berechtigten Interesse des Webseitenbetreibers.<\/p>\n<p>Sie k\u00f6nnen die Speicherung der Cookies durch eine entsprechende Einstellung Ihrer Browser-Software verhindern; wir weisen Sie jedoch darauf hin, dass Sie in diesem Fall gegebenenfalls nicht s\u00e4mtliche Funktionen dieser Website vollumf\u00e4nglich werden nutzen k\u00f6nnen. Sie k\u00f6nnen dar\u00fcber hinaus die Erfassung der durch das Cookie erzeugten und auf Ihre Nutzung der Webseite bezogenen Daten (inkl. Ihrer IP-Adresse) an Google sowie die Verarbeitung dieser Daten durch Google verhindern, indem sie das unter dem folgenden Link verf\u00fcgbare Browser-Plugin herunterladen und installieren:\u00a0<u><a href=\"https:\/\/tools.google.com\/dlpage\/gaoptout?hl=de\">Browser Add On zur Deaktivierung von Google Analytics<\/a><\/u>.<\/p>\n<p><strong>Newsletter<\/strong><br \/>\nAuf Grundlage Ihrer ausdr\u00fccklich erteilten Einwilligung, \u00fcbersenden wir unseren Kunden regelm\u00e4\u00dfig unseren Newsletter bzw. vergleichbare Informationen per E-Mail an Ihre angegebene E-Mail-Adresse.<\/p>\n<p>F\u00fcr den Empfang des Newsletters ist die Angabe Ihrer E-Mail-Adresse ausreichend. Bei der Anmeldung zum Bezug unseres Newsletters werden die von Ihnen angegebenen Daten ausschlie\u00dflich f\u00fcr diesen Zweck verwendet.<\/p>\n<p>F\u00fcr eine wirksame Neu-Registrierung ben\u00f6tigen wir eine valide E-Mail-Adresse. Um zu \u00fcberpr\u00fcfen, dass eine Anmeldung tats\u00e4chlich durch den Inhaber einer E-Mail-Adresse erfolgt, setzen wir das \u201eDouble-opt-in\u201c-Verfahren ein. Hierzu protokollieren wir die Bestellung des Newsletters, den Versand einer Best\u00e4tigungsmail und den Eingang der hiermit angeforderten Antwort. Weitere Daten werden nicht erhoben. Die Daten werden ausschlie\u00dflich f\u00fcr den Newsletterversand verwendet und nicht an Dritte weitergegeben.<\/p>\n<p>Die Einwilligung zur Speicherung Ihrer pers\u00f6nlichen Daten und ihrer Nutzung f\u00fcr den Newsletterversand k\u00f6nnen Sie jederzeit widerrufen. In jedem Newsletter findet sich dazu ein entsprechender Link. Au\u00dferdem k\u00f6nnen Sie sich jederzeit auch direkt auf dieser Webseite abmelden oder uns Ihren entsprechenden Wunsch \u00fcber die am Ende dieser Datenschutzhinweise angegebene Kontaktm\u00f6glichkeit mitteilen.<\/p>\n<p><strong>Kontaktformular<\/strong><br \/>\nTreten Sie bzgl. Fragen jeglicher Art per E-Mail oder Kontaktformular mit uns in Kontakt, erteilen Sie uns zum Zwecke der Kontaktaufnahme Ihre freiwillige Einwilligung. Hierf\u00fcr ist die Angabe einer validen E-Mail-Adresse erforderlich. Diese dient der Zuordnung der Anfrage und der anschlie\u00dfenden Beantwortung derselben. Die Angabe weiterer Daten ist optional. Die von Ihnen gemachten Angaben werden zum Zwecke der Bearbeitung der Anfrage sowie f\u00fcr m\u00f6gliche Anschlussfragen gespeichert. Nach Erledigung der von Ihnen gestellten Anfrage werden personenbezogene Daten automatisch gel\u00f6scht.<\/p>\n<p><strong>Weitergabe pers\u00f6nlicher Daten<\/strong><br \/>\nIm Rahmen unseres First-Level-Supports stellen wir unseren Supportpartnern, Informationen zur Verf\u00fcgung, welche auf Probleme von Endkunden bei der Nutzung von Oracle Produkten hinweisen. Dies geschieht im Interesse unserer Kunden. Unter diesen Informationen k\u00f6nnen sich auch pers\u00f6nliche Daten\u00a0befinden. Bei der Weitergabe von pers\u00f6nlichen Daten an Dritte beschr\u00e4nken wir uns auf Informationen, die zur Erbringung der jeweiligen Dienstleistung n\u00f6tig\u00a0sind. Der jeweilige Drittanbieter darf diese\u00a0pers\u00f6nlichen Daten ausschliesslich zur Erbringung der angeforderten Dienstleistung verwenden.<\/p>\n<p><strong>Aktualisierungen der Datenschutzerkl\u00e4rung<\/strong><br \/>\nDiese Erkl\u00e4rung wird von Zeit zu Zeit bei Bedarf aktualisiert, damit auch neue ICP Webseiten von dieser Erkl\u00e4rung abgedeckt werden oder um neue Dienste und Funktionen einzubeziehen. ICP beh\u00e4lt sich das Recht zur jederzeitigen \u00c4nderung der Datenschutzerkl\u00e4rung unter Beachtung des Datenschutzgesetzes vor. ICP benachrichtigt Sie \u00fcber \u00c4nderungen und Aktualisierungen dieser Erkl\u00e4rung auf der Homepage von ICP.<\/p>\n<p><strong>Ihr Recht auf jederzeitigen Widerruf<br \/>\n<\/strong>Sie haben das Recht, eine Einwilligung zur Nutzung Ihrer personenbezogenen Daten jederzeit zu widerrufen. In diesem Fall richten Sie bitte Ihre schriftliche Widerrufserkl\u00e4rung an die oben benannte Adresse.<\/p>\n<p><strong>Wie kann ich die Informationen \u00e4ndern oder aktualisieren, die ich auf der ICP Webseite zur Verf\u00fcgung gestellt habe?<\/strong><br \/>\nHierzu reicht eine Mitteilung von Ihnen an folgende eMail-Adresse der ICP Solution GmbH aus: <a href=\"mailto:info@icpsolution.com\" target=\"_blank\" rel=\"noopener noreferrer\">ICP Mail<\/a><\/p>\n<p><strong>Auskunftsrecht<br \/>\n<\/strong>Auf schriftliche Anfragen werden Sie von ICP dar\u00fcber informiert, welche personenbezogenen Daten bei uns gespeichert sind.<\/p>\n<p>Stand: 24.05.2018<\/p>\n","protected":false},"excerpt":{"rendered":"<p>Datenschutzerkl\u00e4rung der ICP Solution GmbH Die ICP Solution GmbH (nachfolgend \u00bbICP\u00ab genannt) verpflichtet sich, seinen Online-Benutzern Informationen in einer effizienten und sicheren Weise anzubieten. In dieser Datenschutzerkl\u00e4rung wird erl\u00e4utert, welche personenbezogenen Daten auf der Webseite von den Benutzern gesammelt werden. Au\u00dferdem wird erl\u00e4utert, wie diese Informationen verwendet werden, und welche Ma\u00dfnahmen ICP zum Schutz der [&hellip;]<\/p>\n","protected":false},"author":9,"featured_media":0,"parent":0,"menu_order":0,"comment_status":"closed","ping_status":"closed","template":"","meta":{"footnotes":""},"class_list":["post-745","page","type-page","status-publish","hentry","language-de"],"_links":{"self":[{"href":"https:\/\/www.icpsolution.com\/index.php?rest_route=\/wp\/v2\/pages\/745","targetHints":{"allow":["GET"]}}],"collection":[{"href":"https:\/\/www.icpsolution.com\/index.php?rest_route=\/wp\/v2\/pages"}],"about":[{"href":"https:\/\/www.icpsolution.com\/index.php?rest_route=\/wp\/v2\/types\/page"}],"author":[{"embeddable":true,"href":"https:\/\/www.icpsolution.com\/index.php?rest_route=\/wp\/v2\/users\/9"}],"replies":[{"embeddable":true,"href":"https:\/\/www.icpsolution.com\/index.php?rest_route=%2Fwp%2Fv2%2Fcomments&post=745"}],"version-history":[{"count":14,"href":"https:\/\/www.icpsolution.com\/index.php?rest_route=\/wp\/v2\/pages\/745\/revisions"}],"predecessor-version":[{"id":2711,"href":"https:\/\/www.icpsolution.com\/index.php?rest_route=\/wp\/v2\/pages\/745\/revisions\/2711"}],"wp:attachment":[{"href":"https:\/\/www.icpsolution.com\/index.php?rest_route=%2Fwp%2Fv2%2Fmedia&parent=745"}],"curies":[{"name":"wp","href":"https:\/\/api.w.org\/{rel}","templated":true}]}}