{"id":7,"date":"2014-05-12T14:09:45","date_gmt":"2014-05-12T12:09:45","guid":{"rendered":"http:\/\/www.icpsolution.com\/?page_id=7"},"modified":"2023-09-18T11:21:13","modified_gmt":"2023-09-18T10:21:13","slug":"downloads","status":"publish","type":"page","link":"https:\/\/www.icpsolution.com\/?page_id=7","title":{"rendered":"Downloads"},"content":{"rendered":"<h2>ICP Kundentag 2023:<\/h2>\n<p>Hier geht es zu den gesch\u00fctzten Downloads zum ICP Solution Kundentag 2023 in K\u00f6ln.<\/p>\n<a\n\thref=\"\/download-kundentage23\/\"\n\t\tid=\"ait-sc-button-1\"\n\tclass=\"ait-sc-button alignnone  buticon-left    simple\"\n\tstyle=\"width:180px;\"\n>\n\t<span class=\"container\">\n\t\t<span class=\"wrap\">\n\n\t\t\t\n\t\t\t\t\t\t<span class=\"text\" style=\"text-align:center;\">\n\t\t\t\t\t\t\t\t<span class=\"title\" style=\"\">\n\t\t\t\t\tGesch\u00fctzter Bereich: Kundentag 2023\t\t\t\t<\/span>\n\t\t\t\t\t\t\t\t\t\t\t<\/span>\n\t\t\t\n\t\t\t\t\t<\/span>\n\t<\/span>\n<\/a>\n\n<h2>ICP Kundentag 2022:<\/h2>\n<p>Hier geht es zu den gesch\u00fctzten Downloads zum ICP Solution Kundentag 2022 in K\u00f6ln.<\/p>\n<a\n\thref=\"\/download-kundentage22\/\"\n\t\tid=\"ait-sc-button-2\"\n\tclass=\"ait-sc-button alignnone  buticon-left    simple\"\n\tstyle=\"width:180px;\"\n>\n\t<span class=\"container\">\n\t\t<span class=\"wrap\">\n\n\t\t\t\n\t\t\t\t\t\t<span class=\"text\" style=\"text-align:center;\">\n\t\t\t\t\t\t\t\t<span class=\"title\" style=\"\">\n\t\t\t\t\tGesch\u00fctzter Bereich: Kundentag 2022\t\t\t\t<\/span>\n\t\t\t\t\t\t\t\t\t\t\t<\/span>\n\t\t\t\n\t\t\t\t\t<\/span>\n\t<\/span>\n<\/a>\n\n<h2>Produkt-Datenbl\u00e4tter<\/h2>\n<div class=\"sdm_fancy_template_wrapper\"><div class=\"sdm_fancy2_item sdm_fancy2_grid\"><div class=\"sdm_fancy2_wrapper\"><div class=\"sdm_fancy2_download_item_top\"><div class=\"sdm_fancy2_download_thumbnail\"><img decoding=\"async\" class=\"sdm_fancy2_thumb_image\" src=\"https:\/\/www.icpsolution.com\/wp-content\/uploads\/2014\/07\/datasheet_icp1.png\" alt = \"Visual Analytics\" \/><\/div><\/div><div class=\"sdm_fancy2_download_title\">Visual Analytics<\/div><div class=\"sdm_fancy2_download_link\"><a href=\"https:\/\/www.icpsolution.com\/?sdm_process_download=1&download_id=1630\" class=\"sdm_fancy2_download_dl_link\" target=\"_self\">Download hier!<\/a><\/div><\/div><\/div><\/div><div class=\"sdm_fancy_template_wrapper\"><div class=\"sdm_fancy2_item sdm_fancy2_grid\"><div class=\"sdm_fancy2_wrapper\"><div class=\"sdm_fancy2_download_item_top\"><div class=\"sdm_fancy2_download_thumbnail\"><img decoding=\"async\" class=\"sdm_fancy2_thumb_image\" src=\"https:\/\/www.icpsolution.com\/wp-content\/uploads\/2014\/07\/datasheet_icp1.png\" alt = \"Product-fit Flyer\" \/><\/div><\/div><div class=\"sdm_fancy2_download_title\">Product-fit Flyer<\/div><div class=\"sdm_fancy2_download_link\"><a href=\"https:\/\/www.icpsolution.com\/?sdm_process_download=1&download_id=1465\" class=\"sdm_fancy2_download_dl_link\" target=\"_self\">Download hier!<\/a><\/div><\/div><\/div><\/div><div class=\"sdm_fancy_template_wrapper\"><div class=\"sdm_fancy2_item sdm_fancy2_grid\"><div class=\"sdm_fancy2_wrapper\"><div class=\"sdm_fancy2_download_item_top\"><div class=\"sdm_fancy2_download_thumbnail\"><img decoding=\"async\" class=\"sdm_fancy2_thumb_image\" src=\"https:\/\/www.icpsolution.com\/wp-content\/uploads\/2014\/06\/datasheet_icp.png\" alt = \"PLM Datasheet\" \/><\/div><\/div><div class=\"sdm_fancy2_download_title\">PLM Datasheet<\/div><div class=\"sdm_fancy2_download_link\"><a href=\"https:\/\/www.icpsolution.com\/?sdm_process_download=1&download_id=712\" class=\"sdm_fancy2_download_dl_link\" target=\"_self\">Download hier!<\/a><\/div><\/div><\/div><\/div><div class=\"sdm_clear_float\"><\/div><div class=\"sdm_fancy_template_wrapper\"><div class=\"sdm_fancy2_item sdm_fancy2_grid\"><div class=\"sdm_fancy2_wrapper\"><div class=\"sdm_fancy2_download_item_top\"><div class=\"sdm_fancy2_download_thumbnail\"><img decoding=\"async\" class=\"sdm_fancy2_thumb_image\" src=\"https:\/\/www.icpsolution.com\/wp-content\/uploads\/2014\/06\/datasheet_icp.png\" alt = \"ICP Solution-Maintenance-Accelerate (IMA)\" \/><\/div><\/div><div class=\"sdm_fancy2_download_title\">ICP Solution-Maintenance-Accelerate (IMA)<\/div><div class=\"sdm_fancy2_download_link\"><a href=\"https:\/\/www.icpsolution.com\/?sdm_process_download=1&download_id=710\" class=\"sdm_fancy2_download_dl_link\" target=\"_self\">Download hier!<\/a><\/div><\/div><\/div><\/div><div class=\"sdm_fancy_template_wrapper\"><div class=\"sdm_fancy2_item sdm_fancy2_grid\"><div class=\"sdm_fancy2_wrapper\"><div class=\"sdm_fancy2_download_item_top\"><div class=\"sdm_fancy2_download_thumbnail\"><img decoding=\"async\" class=\"sdm_fancy2_thumb_image\" src=\"https:\/\/www.icpsolution.com\/wp-content\/uploads\/2014\/06\/datasheet_icp.png\" alt = \"ICP Solution-Finder-Accelerate (IFA)\" \/><\/div><\/div><div class=\"sdm_fancy2_download_title\">ICP Solution-Finder-Accelerate (IFA)<\/div><div class=\"sdm_fancy2_download_link\"><a href=\"https:\/\/www.icpsolution.com\/?sdm_process_download=1&download_id=706\" class=\"sdm_fancy2_download_dl_link\" target=\"_self\">Download hier!<\/a><\/div><\/div><\/div><\/div><div class=\"sdm_clear_float\"><\/div>\n<h2>Newsletter<\/h2>\n<div class=\"sdm_fancy_template_wrapper\"><div class=\"sdm_fancy2_item sdm_fancy2_grid\"><div class=\"sdm_fancy2_wrapper\"><div class=\"sdm_fancy2_download_item_top\"><div class=\"sdm_fancy2_download_thumbnail\"><img decoding=\"async\" class=\"sdm_fancy2_thumb_image\" src=\"https:\/\/www.icpsolution.com\/wp-content\/uploads\/2014\/06\/pdf-thumbnail.png\" alt = \"2015 Aug ICP Newsletter\" \/><\/div><\/div><div class=\"sdm_fancy2_download_title\">2015 Aug ICP Newsletter<\/div><div class=\"sdm_fancy2_download_link\"><a href=\"https:\/\/www.icpsolution.com\/?sdm_process_download=1&download_id=1472\" class=\"sdm_fancy2_download_dl_link\" target=\"_self\">Download hier!<\/a><\/div><\/div><\/div><\/div><div class=\"sdm_fancy_template_wrapper\"><div class=\"sdm_fancy2_item sdm_fancy2_grid\"><div class=\"sdm_fancy2_wrapper\"><div class=\"sdm_fancy2_download_item_top\"><div class=\"sdm_fancy2_download_thumbnail\"><img decoding=\"async\" class=\"sdm_fancy2_thumb_image\" src=\"https:\/\/www.icpsolution.com\/wp-content\/uploads\/2014\/06\/pdf-thumbnail.png\" alt = \"2014 Dez ICP Newsletter\" \/><\/div><\/div><div class=\"sdm_fancy2_download_title\">2014 Dez ICP Newsletter<\/div><div class=\"sdm_fancy2_download_link\"><a href=\"https:\/\/www.icpsolution.com\/?sdm_process_download=1&download_id=1051\" class=\"sdm_fancy2_download_dl_link\" target=\"_self\">Download hier!<\/a><\/div><\/div><\/div><\/div><div class=\"sdm_fancy_template_wrapper\"><div class=\"sdm_fancy2_item sdm_fancy2_grid\"><div class=\"sdm_fancy2_wrapper\"><div class=\"sdm_fancy2_download_item_top\"><div class=\"sdm_fancy2_download_thumbnail\"><img decoding=\"async\" class=\"sdm_fancy2_thumb_image\" src=\"https:\/\/www.icpsolution.com\/wp-content\/uploads\/2014\/06\/pdf-thumbnail.png\" alt = \"2014 Feb ICP Newsletter\" \/><\/div><\/div><div class=\"sdm_fancy2_download_title\">2014 Feb ICP Newsletter<\/div><div class=\"sdm_fancy2_download_link\"><a href=\"https:\/\/www.icpsolution.com\/?sdm_process_download=1&download_id=616\" class=\"sdm_fancy2_download_dl_link\" target=\"_self\">Download hier!<\/a><\/div><\/div><\/div><\/div><div class=\"sdm_clear_float\"><\/div><div class=\"sdm_fancy_template_wrapper\"><div class=\"sdm_fancy2_item sdm_fancy2_grid\"><div class=\"sdm_fancy2_wrapper\"><div class=\"sdm_fancy2_download_item_top\"><div class=\"sdm_fancy2_download_thumbnail\"><img decoding=\"async\" class=\"sdm_fancy2_thumb_image\" src=\"https:\/\/www.icpsolution.com\/wp-content\/uploads\/2014\/06\/pdf-thumbnail.png\" alt = \"2013 Okt ICP Newsletter\" \/><\/div><\/div><div class=\"sdm_fancy2_download_title\">2013 Okt ICP Newsletter<\/div><div class=\"sdm_fancy2_download_link\"><a href=\"https:\/\/www.icpsolution.com\/?sdm_process_download=1&download_id=621\" class=\"sdm_fancy2_download_dl_link\" target=\"_self\">Download hier!<\/a><\/div><\/div><\/div><\/div><div class=\"sdm_fancy_template_wrapper\"><div class=\"sdm_fancy2_item sdm_fancy2_grid\"><div class=\"sdm_fancy2_wrapper\"><div class=\"sdm_fancy2_download_item_top\"><div class=\"sdm_fancy2_download_thumbnail\"><img decoding=\"async\" class=\"sdm_fancy2_thumb_image\" src=\"https:\/\/www.icpsolution.com\/wp-content\/uploads\/2014\/06\/pdf-thumbnail.png\" alt = \"2013 Feb ICP Newsletter\" \/><\/div><\/div><div class=\"sdm_fancy2_download_title\">2013 Feb ICP Newsletter<\/div><div class=\"sdm_fancy2_download_link\"><a href=\"https:\/\/www.icpsolution.com\/?sdm_process_download=1&download_id=606\" class=\"sdm_fancy2_download_dl_link\" target=\"_self\">Download hier!<\/a><\/div><\/div><\/div><\/div><div class=\"sdm_fancy_template_wrapper\"><div class=\"sdm_fancy2_item sdm_fancy2_grid\"><div class=\"sdm_fancy2_wrapper\"><div class=\"sdm_fancy2_download_item_top\"><div class=\"sdm_fancy2_download_thumbnail\"><img decoding=\"async\" class=\"sdm_fancy2_thumb_image\" src=\"https:\/\/www.icpsolution.com\/wp-content\/uploads\/2014\/06\/pdf-thumbnail.png\" alt = \"2012 Nov ICP Newsletter\" \/><\/div><\/div><div class=\"sdm_fancy2_download_title\">2012 Nov ICP Newsletter<\/div><div class=\"sdm_fancy2_download_link\"><a href=\"https:\/\/www.icpsolution.com\/?sdm_process_download=1&download_id=622\" class=\"sdm_fancy2_download_dl_link\" target=\"_self\">Download hier!<\/a><\/div><\/div><\/div><\/div><div class=\"sdm_clear_float\"><\/div><div class=\"sdm_fancy_template_wrapper\"><div class=\"sdm_fancy2_item sdm_fancy2_grid\"><div class=\"sdm_fancy2_wrapper\"><div class=\"sdm_fancy2_download_item_top\"><div class=\"sdm_fancy2_download_thumbnail\"><img decoding=\"async\" class=\"sdm_fancy2_thumb_image\" src=\"https:\/\/www.icpsolution.com\/wp-content\/uploads\/2014\/06\/pdf-thumbnail.png\" alt = \"2012 M\u00e4rz ICP Newsletter\" \/><\/div><\/div><div class=\"sdm_fancy2_download_title\">2012 M\u00e4rz ICP Newsletter<\/div><div class=\"sdm_fancy2_download_link\"><a href=\"https:\/\/www.icpsolution.com\/?sdm_process_download=1&download_id=618\" class=\"sdm_fancy2_download_dl_link\" target=\"_self\">Download hier!<\/a><\/div><\/div><\/div><\/div><div class=\"sdm_fancy_template_wrapper\"><div class=\"sdm_fancy2_item sdm_fancy2_grid\"><div class=\"sdm_fancy2_wrapper\"><div class=\"sdm_fancy2_download_item_top\"><div class=\"sdm_fancy2_download_thumbnail\"><img decoding=\"async\" class=\"sdm_fancy2_thumb_image\" src=\"https:\/\/www.icpsolution.com\/wp-content\/uploads\/2014\/06\/pdf-thumbnail.png\" alt = \"2011 Nov ICP Newsletter\" \/><\/div><\/div><div class=\"sdm_fancy2_download_title\">2011 Nov ICP Newsletter<\/div><div class=\"sdm_fancy2_download_link\"><a href=\"https:\/\/www.icpsolution.com\/?sdm_process_download=1&download_id=620\" class=\"sdm_fancy2_download_dl_link\" target=\"_self\">Download hier!<\/a><\/div><\/div><\/div><\/div><div class=\"sdm_fancy_template_wrapper\"><div class=\"sdm_fancy2_item sdm_fancy2_grid\"><div class=\"sdm_fancy2_wrapper\"><div class=\"sdm_fancy2_download_item_top\"><div class=\"sdm_fancy2_download_thumbnail\"><img decoding=\"async\" class=\"sdm_fancy2_thumb_image\" src=\"https:\/\/www.icpsolution.com\/wp-content\/uploads\/2014\/06\/pdf-thumbnail.png\" alt = \"2010 Nov ICP Newsletter\" \/><\/div><\/div><div class=\"sdm_fancy2_download_title\">2010 Nov ICP Newsletter<\/div><div class=\"sdm_fancy2_download_link\"><a href=\"https:\/\/www.icpsolution.com\/?sdm_process_download=1&download_id=619\" class=\"sdm_fancy2_download_dl_link\" target=\"_self\">Download hier!<\/a><\/div><\/div><\/div><\/div><div class=\"sdm_clear_float\"><\/div><div class=\"sdm_fancy_template_wrapper\"><div class=\"sdm_fancy2_item sdm_fancy2_grid\"><div class=\"sdm_fancy2_wrapper\"><div class=\"sdm_fancy2_download_item_top\"><div class=\"sdm_fancy2_download_thumbnail\"><img decoding=\"async\" class=\"sdm_fancy2_thumb_image\" src=\"https:\/\/www.icpsolution.com\/wp-content\/uploads\/2014\/06\/pdf-thumbnail.png\" alt = \"2010 Juli ICP Newsletter\" \/><\/div><\/div><div class=\"sdm_fancy2_download_title\">2010 Juli ICP Newsletter<\/div><div class=\"sdm_fancy2_download_link\"><a href=\"https:\/\/www.icpsolution.com\/?sdm_process_download=1&download_id=617\" class=\"sdm_fancy2_download_dl_link\" target=\"_self\">Download hier!<\/a><\/div><\/div><\/div><\/div><div class=\"sdm_clear_float\"><\/div>\n<h2>Sonstiges<\/h2>\n<div class=\"sdm_fancy_template_wrapper\"><div class=\"sdm_fancy2_item sdm_fancy2_grid\"><div class=\"sdm_fancy2_wrapper\"><div class=\"sdm_fancy2_download_item_top\"><div class=\"sdm_fancy2_download_thumbnail\"><img decoding=\"async\" class=\"sdm_fancy2_thumb_image\" src=\"https:\/\/www.icpsolution.com\/wp-content\/uploads\/2014\/06\/pdf-thumbnail.png\" alt = \"Pressemitteilung Partnerschaft mit Facton\" \/><\/div><\/div><div class=\"sdm_fancy2_download_title\">Pressemitteilung Partnerschaft mit Facton<\/div><div class=\"sdm_fancy2_download_link\"><a href=\"https:\/\/www.icpsolution.com\/?sdm_process_download=1&download_id=1990\" class=\"sdm_fancy2_download_dl_link\" target=\"_self\">Download hier!<\/a><\/div><\/div><\/div><\/div><div class=\"sdm_fancy_template_wrapper\"><div class=\"sdm_fancy2_item sdm_fancy2_grid\"><div class=\"sdm_fancy2_wrapper\"><div class=\"sdm_fancy2_download_item_top\"><div class=\"sdm_fancy2_download_thumbnail\"><img decoding=\"async\" class=\"sdm_fancy2_thumb_image\" src=\"https:\/\/www.icpsolution.com\/wp-content\/uploads\/2014\/06\/pdf-thumbnail.png\" alt = \"Agenda Kundentage 2016\" \/><\/div><\/div><div class=\"sdm_fancy2_download_title\">Agenda Kundentage 2016<\/div><div class=\"sdm_fancy2_download_link\"><a href=\"https:\/\/www.icpsolution.com\/?sdm_process_download=1&download_id=1831\" class=\"sdm_fancy2_download_dl_link\" target=\"_self\">Download hier!<\/a><\/div><\/div><\/div><\/div><div class=\"sdm_fancy_template_wrapper\"><div class=\"sdm_fancy2_item sdm_fancy2_grid\"><div class=\"sdm_fancy2_wrapper\"><div class=\"sdm_fancy2_download_item_top\"><div class=\"sdm_fancy2_download_thumbnail\"><img decoding=\"async\" class=\"sdm_fancy2_thumb_image\" src=\"https:\/\/www.icpsolution.com\/wp-content\/uploads\/2014\/06\/pdf-thumbnail.png\" alt = \"Agenda Kundentage 2015\" \/><\/div><\/div><div class=\"sdm_fancy2_download_title\">Agenda Kundentage 2015<\/div><div class=\"sdm_fancy2_download_link\"><a href=\"https:\/\/www.icpsolution.com\/?sdm_process_download=1&download_id=1471\" class=\"sdm_fancy2_download_dl_link\" target=\"_self\">Download hier!<\/a><\/div><\/div><\/div><\/div><div class=\"sdm_clear_float\"><\/div><div class=\"sdm_fancy_template_wrapper\"><div class=\"sdm_fancy2_item sdm_fancy2_grid\"><div class=\"sdm_fancy2_wrapper\"><div class=\"sdm_fancy2_download_item_top\"><div class=\"sdm_fancy2_download_thumbnail\"><img decoding=\"async\" class=\"sdm_fancy2_thumb_image\" src=\"https:\/\/www.icpsolution.com\/wp-content\/uploads\/2014\/06\/pdf-thumbnail.png\" alt = \"Agenda Kundentage 2014\" \/><\/div><\/div><div class=\"sdm_fancy2_download_title\">Agenda Kundentage 2014<\/div><div class=\"sdm_fancy2_download_link\"><a href=\"https:\/\/www.icpsolution.com\/?sdm_process_download=1&download_id=931\" class=\"sdm_fancy2_download_dl_link\" target=\"_self\">Download hier!<\/a><\/div><\/div><\/div><\/div><div class=\"sdm_clear_float\"><\/div>\n<h2>Gesch\u00fctzter Bereich:<\/h2>\n<p>F\u00fcr die registrierten Benutzer geht es hier zu den gesch\u00fctzten Downloads.<\/p>\n<a\n\thref=\"\/download-backend\/\"\n\t\tid=\"ait-sc-button-3\"\n\tclass=\"ait-sc-button alignnone  buticon-left    simple\"\n\tstyle=\"width:180px;\"\n>\n\t<span class=\"container\">\n\t\t<span class=\"wrap\">\n\n\t\t\t\n\t\t\t\t\t\t<span class=\"text\" style=\"text-align:center;\">\n\t\t\t\t\t\t\t\t<span class=\"title\" style=\"\">\n\t\t\t\t\tZum gesch\u00fctzten Bereich\t\t\t\t<\/span>\n\t\t\t\t\t\t\t\t\t\t\t<\/span>\n\t\t\t\n\t\t\t\t\t<\/span>\n\t<\/span>\n<\/a>\n\n","protected":false},"excerpt":{"rendered":"<p>ICP Kundentag 2023: Hier geht es zu den gesch\u00fctzten Downloads zum ICP Solution Kundentag 2023 in K\u00f6ln. ICP Kundentag 2022: Hier geht es zu den gesch\u00fctzten Downloads zum ICP Solution Kundentag 2022 in K\u00f6ln. Produkt-Datenbl\u00e4tter Newsletter Sonstiges Gesch\u00fctzter Bereich: F\u00fcr die registrierten Benutzer geht es hier zu den gesch\u00fctzten Downloads.<\/p>\n","protected":false},"author":9,"featured_media":0,"parent":0,"menu_order":0,"comment_status":"closed","ping_status":"closed","template":"","meta":{"footnotes":""},"class_list":["post-7","page","type-page","status-publish","hentry","language-de"],"_links":{"self":[{"href":"https:\/\/www.icpsolution.com\/index.php?rest_route=\/wp\/v2\/pages\/7","targetHints":{"allow":["GET"]}}],"collection":[{"href":"https:\/\/www.icpsolution.com\/index.php?rest_route=\/wp\/v2\/pages"}],"about":[{"href":"https:\/\/www.icpsolution.com\/index.php?rest_route=\/wp\/v2\/types\/page"}],"author":[{"embeddable":true,"href":"https:\/\/www.icpsolution.com\/index.php?rest_route=\/wp\/v2\/users\/9"}],"replies":[{"embeddable":true,"href":"https:\/\/www.icpsolution.com\/index.php?rest_route=%2Fwp%2Fv2%2Fcomments&post=7"}],"version-history":[{"count":42,"href":"https:\/\/www.icpsolution.com\/index.php?rest_route=\/wp\/v2\/pages\/7\/revisions"}],"predecessor-version":[{"id":2865,"href":"https:\/\/www.icpsolution.com\/index.php?rest_route=\/wp\/v2\/pages\/7\/revisions\/2865"}],"wp:attachment":[{"href":"https:\/\/www.icpsolution.com\/index.php?rest_route=%2Fwp%2Fv2%2Fmedia&parent=7"}],"curies":[{"name":"wp","href":"https:\/\/api.w.org\/{rel}","templated":true}]}}