{"id":57,"date":"2014-05-15T17:48:10","date_gmt":"2014-05-15T15:48:10","guid":{"rendered":"http:\/\/www.icpsolution.com\/?page_id=57"},"modified":"2020-09-23T12:21:08","modified_gmt":"2020-09-23T11:21:08","slug":"impressum","status":"publish","type":"page","link":"https:\/\/www.icpsolution.com\/?page_id=57","title":{"rendered":"Impressum"},"content":{"rendered":"<p><strong><span style=\"color: #565958;\">ICP Solution GmbH<\/span><\/strong><br style=\"color: #565958;\" \/>Schauenburgerstra\u00dfe 59<br style=\"color: #565958;\" \/><span style=\"color: #565958;\">D-20095 Hamburg<\/span><br style=\"color: #565958;\" \/><br style=\"color: #565958;\" \/><span style=\"color: #565958;\">Email:\u00a0\u00a0\u00a0\u00a0<\/span><a style=\"color: #f8b55a;\" href=\"mailto:info@icpsolution.com\">info@icpsolution.com<\/a><br style=\"color: #565958;\" \/><span style=\"color: #565958;\">Internet:\u00a0<\/span><a style=\"color: #f8b55a;\" href=\"https:\/\/www.icpsolution.com\/\">www.icpsolution.com<\/a><br style=\"color: #565958;\" \/><br style=\"color: #565958;\" \/><span style=\"color: #565958;\">Vertretungsberechtigter Gesch\u00e4ftsf\u00fchrer: Thomas Gilgenberg<\/span><br style=\"color: #565958;\" \/><br style=\"color: #565958;\" \/><span style=\"color: #565958;\">Verantwortlich f\u00fcr Inhalt: ICP Solution GmbH<\/span><br style=\"color: #565958;\" \/><span style=\"color: #565958;\">Registergericht: Amtsgericht Hamburg, HRB 115280<\/span><br style=\"color: #565958;\" \/><br style=\"color: #565958;\" \/><span style=\"color: #565958;\">Steuernummer: 48\/733\/01592<\/span><br style=\"color: #565958;\" \/><br style=\"color: #565958;\" \/><span style=\"color: #565958;\">Umsatzsteuer-Id Nr.:\u00a0DE249482630<\/span><\/p>\n","protected":false},"excerpt":{"rendered":"<p>ICP Solution GmbHSchauenburgerstra\u00dfe 59D-20095 HamburgEmail:\u00a0\u00a0\u00a0\u00a0info@icpsolution.comInternet:\u00a0www.icpsolution.comVertretungsberechtigter Gesch\u00e4ftsf\u00fchrer: Thomas GilgenbergVerantwortlich f\u00fcr Inhalt: ICP Solution GmbHRegistergericht: Amtsgericht Hamburg, HRB 115280Steuernummer: 48\/733\/01592Umsatzsteuer-Id Nr.:\u00a0DE249482630<\/p>\n","protected":false},"author":9,"featured_media":0,"parent":0,"menu_order":0,"comment_status":"closed","ping_status":"closed","template":"","meta":{"footnotes":""},"class_list":["post-57","page","type-page","status-publish","hentry","language-de"],"_links":{"self":[{"href":"https:\/\/www.icpsolution.com\/index.php?rest_route=\/wp\/v2\/pages\/57","targetHints":{"allow":["GET"]}}],"collection":[{"href":"https:\/\/www.icpsolution.com\/index.php?rest_route=\/wp\/v2\/pages"}],"about":[{"href":"https:\/\/www.icpsolution.com\/index.php?rest_route=\/wp\/v2\/types\/page"}],"author":[{"embeddable":true,"href":"https:\/\/www.icpsolution.com\/index.php?rest_route=\/wp\/v2\/users\/9"}],"replies":[{"embeddable":true,"href":"https:\/\/www.icpsolution.com\/index.php?rest_route=%2Fwp%2Fv2%2Fcomments&post=57"}],"version-history":[{"count":9,"href":"https:\/\/www.icpsolution.com\/index.php?rest_route=\/wp\/v2\/pages\/57\/revisions"}],"predecessor-version":[{"id":2644,"href":"https:\/\/www.icpsolution.com\/index.php?rest_route=\/wp\/v2\/pages\/57\/revisions\/2644"}],"wp:attachment":[{"href":"https:\/\/www.icpsolution.com\/index.php?rest_route=%2Fwp%2Fv2%2Fmedia&parent=57"}],"curies":[{"name":"wp","href":"https:\/\/api.w.org\/{rel}","templated":true}]}}