{"id":5,"date":"2014-05-12T14:09:07","date_gmt":"2014-05-12T12:09:07","guid":{"rendered":"http:\/\/www.icpsolution.com\/?page_id=5"},"modified":"2024-05-16T15:48:19","modified_gmt":"2024-05-16T14:48:19","slug":"news-events","status":"publish","type":"page","link":"https:\/\/www.icpsolution.com\/?page_id=5","title":{"rendered":"News \/ Events"},"content":{"rendered":"<table style=\"height: 7014px;\">\n<tbody>\n<tr>\n<td style=\"height: 700px; width: 504px;\" width=\"500\">\n<h4><strong>Pr\u00e4sentation der Inhalte des 16. ICP Solution Kundentags in der Schweiz<\/strong><\/h4>\n<p style=\"font-weight: 400;\">Auf vielfachen Wunsch unser Schweizer Kunden m\u00f6chten wir Sie gemeinsam mit unserem Partner CONTACT Software am Mittwoch, 12. Juni 2024, von 10 bis 15 Uhr zu unserem ICP\/ENBASO-Kundentag einladen.<\/p>\n<p style=\"font-weight: 400;\">Die exklusive Veranstaltung im Lake Side Z\u00fcrich steht unter dem Motto \u201eFast Forward digital Transformation\u201c. Dabei erhalten Sie u. A. alle Informationen, die Sie zum Ende des Premium Supports von Oracle Agile e6 ben\u00f6tigen.<\/p>\n<p><strong>Was erwartet Sie bei dem Event?<\/strong><\/p>\n<p>&#8211; Informationen zum aktuellen Stand von Oracle Agile e6<br \/>\n&#8211; \u00dcberblick, was Premium Support bis August 2025 bedeutet<br \/>\n&#8211; Wege, wie sie Agile nach Ende des Premium Supports betreiben k\u00f6nnen<br \/>\n&#8211; Vorstellung eines Migrationsszenarios<br \/>\n&#8211; Pr\u00e4sentation CONTACT Software: Fast Forward digital Transformation<\/p>\n<p>F\u00fcr Mittagessen, Snacks und Getr\u00e4nke ist w\u00e4hrend des Events gesorgt. Dazu erhalten Sie gen\u00fcgend Raum f\u00fcr individuelle Fragen und Gespr\u00e4che mit Kolleg*innen!<\/p>\n<p><strong>Rahmendaten<\/strong><\/p>\n<p>Termin: 12.06.2024<\/p>\n<p>Zeit: 10:00 \u2013 15:00 Uhr<\/p>\n<p>Ort: <a href=\"https:\/\/lake-side.ch\/\">Lakeside Z\u00fcrich<\/a><\/p>\n<p style=\"font-weight: 400;\"><a href=\"https:\/\/www.icpsolution.com\/kundentag-praesentation-schweiz\/\"> Hier k\u00f6nnen Sie sich anmelden.<\/a><\/p>\n<p>&nbsp;<\/p>\n<p>&nbsp;<\/p>\n<p>&nbsp;<\/td>\n<td style=\"height: 368px; width: 279px;\"><a href=\"https:\/\/www.icpsolution.com\/wp-content\/uploads\/2024\/04\/Zuerich_Location.jpg\"><img loading=\"lazy\" decoding=\"async\" class=\"alignnone wp-image-2317 size-full\" src=\"https:\/\/www.icpsolution.com\/wp-content\/uploads\/2024\/04\/Zuerich_Location.jpg\" alt=\"\" width=\"1000\" height=\"488\"><\/a><\/td>\n<\/tr>\n<tr>\n<td style=\"height: 500px; width: 504px;\" width=\"500\"><strong>Die 16. ICP Solution Kundentage 2023<\/strong>&nbsp;<\/p>\n<p style=\"font-weight: 400;\">Wir haben uns sehr gefreut, dass wir unsere Kunden zum 16. ICP Solution Kundentag am 14.09.2023 im Hotel Pullman in K\u00f6ln begr\u00fc\u00dfen konnten.<\/p>\n<p style=\"font-weight: 400;\">Nat\u00fcrlich hat der Kundentag mit dem beliebten \u201eGet Together\u201c und Abendessen am Vorabend gestartet. Auf dem Kundentag wurde alles \u00fcber die Inhalte des kommenden Releases und auch \u00fcber die Planung von Oracle hinsichtlich eines l\u00e4ngerfristigen Supports von Agile e6 berichtet.<\/p>\n<p style=\"font-weight: 400;\">Auf dem Kundentag wurde auch zu unseren Aktivit\u00e4ten der ENBASO informiert. Hier berichteten wir \u00fcber die Vorarbeiten zum Umstieg von e6 auf CIM Database von Contact Software. In dem Zusammenhang stellten wir auch unser Prototypen-Angebot f\u00fcr den Umstieg vor. Mit diesem individuellen Prototypen erhalten Sie einen gro\u00dfartigen Nachweis von der Einfachheit der Migration und das mit wenig Zeit- und Geldaufwand.<\/p>\n<\/td>\n<td style=\"height: 368px; width: 279px;\"><a href=\"https:\/\/www.icpsolution.com\/wp-content\/uploads\/2018\/09\/K\u00f6ln.jpg\"><img loading=\"lazy\" decoding=\"async\" class=\"alignnone wp-image-2317 size-full\" src=\"https:\/\/www.icpsolution.com\/wp-content\/uploads\/2018\/09\/K\u00f6ln.jpg\" alt=\"\" width=\"1000\" height=\"488\" srcset=\"https:\/\/www.icpsolution.com\/wp-content\/uploads\/2018\/09\/K\u00f6ln.jpg 1000w, https:\/\/www.icpsolution.com\/wp-content\/uploads\/2018\/09\/K\u00f6ln-300x146.jpg 300w, https:\/\/www.icpsolution.com\/wp-content\/uploads\/2018\/09\/K\u00f6ln-768x375.jpg 768w\" sizes=\"auto, (max-width: 1000px) 100vw, 1000px\" \/><\/a><\/td>\n<\/tr>\n<tr>\n<td style=\"height: 368px; width: 504px;\" width=\"500\">\n<p><strong>Die 15. ICP Solution Kundentage 2022<\/strong><\/p>\n<p>Nach zwei Jahren Pause haben wir uns gefreut Sie endlich wieder bei unserem 15. ICP Solution Kundentag am 28.09.2022 im Hotel Pullman in K\u00f6ln begr\u00fc\u00dfen zu d\u00fcrfen.<\/p>\n<p>Wie in den vergangenen Jahren konnten bei einem gemeinsamen Abendessen am Vorabend rege Gespr\u00e4che und Gedankenaustausch stattfinden. Aktuelles, hilfreiche Anwendungsbeispiele, Ank\u00fcndigungen und ein interessanter Gastvortrag von Marel zum Thema &#8222;Digital Product Highway&#8220; standen am Kundentag auf dem Programm.<\/td>\n<td style=\"height: 368px; width: 279px;\"><a href=\"https:\/\/www.icpsolution.com\/wp-content\/uploads\/2014\/05\/pullman_hotel_koeln.jpg\"><img loading=\"lazy\" decoding=\"async\" class=\"alignnone wp-image-100 size-full\" src=\"https:\/\/www.icpsolution.com\/wp-content\/uploads\/2014\/05\/pullman_hotel_koeln.jpg\" alt=\"\" width=\"1000\" height=\"500\"><\/a><\/td>\n<\/tr>\n<tr style=\"height: 304px;\">\n<td style=\"height: 304px; width: 504px;\" width=\"500\">\n<p><strong>Die 14. ICP Solution Kundentage 2019<\/strong><\/p>\n<p>Auch in diesem Jahr sind viele Kunden unserer Einladung nach Z\u00fcrich und K\u00f6ln gefolgt. Hier wurde ihnen ein abwechslungsreiches und informatives Programm pr\u00e4sentiert, mit den Highlights des Kundenvortrags von Thyssen Krupp Steering und dem Gastvortrag von Ulrich Sendler zum Gespinst der Digitalisierung.<\/td>\n<\/tr>\n<tr style=\"height: 239px;\">\n<td style=\"height: 239px; width: 504px;\" width=\"500\">\n<p><strong>Webseminar: &#8222;e6 in der Cloud&#8220;<\/strong><\/p>\n<p>Gemeinsam mit unserem Partner record consult haben wir zwei alternative Termine f\u00fcr ein Webseminar &#8222;e6 in der Cloud angeboten. Hier wurden die Vorteile eines Hostings der PLM-Installation in der Cloud einbdrucksvolll pr\u00e4sentiert.<\/td>\n<\/tr>\n<tr style=\"height: 368px;\">\n<td style=\"height: 368px; width: 504px;\" width=\"500\">\n<p><strong>ICP Solution Kundentage 2018<\/strong><\/p>\n<p>Im September standen wieder die ICP Solution Kundentage an. Diese 13. Kundentage wurden traditionell wieder in K\u00f6ln und in Z\u00fcrich durchgef\u00fchrt. Oracle hat, neben ihrem Update zu den aktuellen PLM-L\u00f6sungen, in diesem Jahr den Fortschritt ihrer Oracle PLM L\u00f6sungen vorgestellt. In dem Kundenvortrag der Firma Sirona Dentsply wurde Agile e6 in der Cloud vorgestellt. Viele weitere Informationen und viel Zeit zum gegenseitigen Informationsaustausch standen auf dem Programm.<\/td>\n<td style=\"height: 368px; width: 279px;\"><img decoding=\"async\" class=\" aligncenter\" src=\"\/wp-content\/uploads\/2018\/09\/K\u00f6ln.jpg\" alt=\"\" width=\"275\"><\/td>\n<\/tr>\n<tr style=\"height: 401px;\">\n<td style=\"height: 401px; width: 504px;\" width=\"500\">\n<p><strong>Partnerschaft mit Facton<\/strong><\/p>\n<p><strong>FACTON<\/strong>, der f\u00fchrende Anbieter von Enterprise Product Costing (EPC)-L\u00f6sungen f\u00fcr die Automotive-, Aerospace-, Maschinenbau- und Elektronik-Industrie&nbsp;und <strong>ICP Solution<\/strong>, der fachkundige Spezialist von PLM-Projektdienstleistungen f\u00fcr Industrieunternehmen, starten eine Partnerschaft. Im ersten Schritt werden sie sich auf die Vermarktung der neuen Software-L\u00f6sung FACTON EPC Design Costing&nbsp;fokussieren, mit der Kostentreiber unter Ber\u00fccksichtigung der gesetzten Kostenziele fr\u00fchzeitig identifiziert werden k\u00f6nnen.<\/td>\n<td style=\"height: 401px; width: 279px;\"><img decoding=\"async\" class=\" aligncenter\" src=\"\/wp-content\/uploads\/2017\/09\/IMG_2741_web.jpg\" alt=\"\" width=\"275\"><\/td>\n<\/tr>\n<tr style=\"height: 466px;\">\n<td style=\"height: 466px; width: 504px;\" width=\"500\">\n<p><strong>Partnerschaft mit inspirage<\/strong><\/p>\n<p><strong>Inspirage<\/strong>, als Spezialist f\u00fcr L\u00f6sungen der integrierten Supply Chain und die <strong>ICP Solution GmbH<\/strong>, als fachkundiger Anbieter von PLM-Projektdienstleistungen f\u00fcr Industrieunternehmen, verk\u00fcnden die Unterzeichnung einer Partnerschaft mit dem Fokus auf Product Lifecycle Management f\u00fcr Industrial Manufacturing unter der Anwendung der PLM Solutions von Oracle. Zu diesem Zweck wird ein spezielles Programm zusammen mit <strong>Oracle<\/strong> implementiert, das die Einf\u00fchrung von Oracle Product Lifecycle Management und Supply Chain Management Cloud L\u00f6sungen in dem europ\u00e4ischen Marktsegment f\u00fcr Industrial Manufacturing forcieren soll.<\/td>\n<td style=\"height: 466px; width: 279px;\"><img decoding=\"async\" class=\" aligncenter\" src=\"\/wp-content\/uploads\/2017\/01\/Inspirage_logo.png\" alt=\"\" width=\"275\"><\/td>\n<\/tr>\n<tr style=\"height: 581px;\">\n<td style=\"height: 581px; width: 504px;\" width=\"500\">\n<p><strong>ICP Solution Kundentage 2016<\/strong><\/p>\n<p>Im September 2016 fanden im 10. Jahr der ICP Solution bereits die 11. ICP Solution Kundentage statt. Auch in diesem Jahr hatten wir \u00fcber 120 Teilnehmer aus 45 Unternehmen.<\/p>\n<p>Oracle stellte, neben ihrem Update zu den aktuellen PLM-L\u00f6sungen, in diesem Jahr die Oracle Cloud L\u00f6sungen rund um Industrie 4.0 vor. Die ICP Solution zeigte wie mit Visiual Analytics von Tableau den Kunden ihre Daten aus PLM und anderen Gesch\u00e4ftsanwendung einfach und transparent dargestellt werden k\u00f6nnen. Auch die Demonstration von Produktstrukturen in der fr\u00fchen Entwicklungsphase mit der Cloud L\u00f6sung Innovation Management wurde von unseren Kunden mit gro\u00dfem Interesse aufgenommen. Das Highlight in diesem Jahr war der interessante Gastvortrag von Dr. Mathias Zagel \u00fcber Innovationen und Varianten.<\/td>\n<td style=\"height: 581px; width: 279px;\"><img decoding=\"async\" class=\" aligncenter\" src=\"\/wp-content\/uploads\/2016\/10\/DSC04866.jpg\" alt=\"\" width=\"275\"><\/td>\n<\/tr>\n<tr style=\"height: 359px;\">\n<td style=\"height: 359px; width: 504px;\" width=\"500\">\n<p><strong>ICP Solution auf Tableau Conference on Tour 2016 in M\u00fcnchen<\/strong><\/p>\n<p>Die ICP Solution hat vom <strong>5.7.2016 bis 7.7.2016 <\/strong>auf der Konferenz &#8222;Tableau on Tour 2016&#8220; in M\u00fcnchen als Aussteller und Bronze Sponsor teilgenommen. Wir konnten dort die visuelle Analyse von PLM-Daten im Zusammenspiel mit anderen gesch\u00e4ftsrelevanten Anwendungen zeigen. Mit Tableau Dashboards konnten zahlreiche Usecases f\u00fcr verschiedenen PLM-Systeme demonstriert werden.<\/td>\n<td style=\"height: 359px; width: 279px;\"><img decoding=\"async\" class=\" aligncenter\" src=\"\/wp-content\/uploads\/2016\/04\/TCOT_16_klein.png\" alt=\"\" width=\"275\"><\/td>\n<\/tr>\n<tr style=\"height: 322px;\">\n<td style=\"height: 322px; width: 504px;\" width=\"500\">\n<p><strong>10 Jahre ICP Solution 2006-2016<\/strong><\/p>\n<p>In diesem Jahr haben wir unser 10-j\u00e4hriges Firmenjubil\u00e4um gefeiert. Aus diesem Anlass hat uns der PLM IT-Report eine Titelstory gewidmet. Den Artikel \u201eAus \u00dcberzeugung gut\u201c k\u00f6nnen sie unter folgendem Link nachlesen:<\/p>\n<p><a href=\"https:\/\/www.industrial-production.de\/software\/10-jahre-icp-solution----aus-ueberzeugung-gut-.htm\"><strong>\u201eAus \u00dcberzeugung gut\u201c<\/strong> (bei www.industrial-production.de ver\u00f6ffentlicht)<\/a><\/td>\n<td style=\"height: 322px; width: 279px;\"><img decoding=\"async\" class=\" aligncenter\" src=\"\/wp-content\/uploads\/2016\/10\/DSC04832_DanielThomas.jpg\" alt=\"\" width=\"275\"><\/td>\n<\/tr>\n<tr style=\"height: 386px;\">\n<td style=\"height: 386px; width: 504px;\" width=\"500\">\n<p><strong>Event &#8222;ICP Solution auf der Product Innovation, M\u00fcnchen&#8220;<\/strong><\/p>\n<p>Die ICP Solution war auf der Product Innovation (PI) vom 8.03.2016 und 9.03.2016 in M\u00fcnchen vertreten.<\/p>\n<p>Auf dem zweit\u00e4gigen Kongress stellten die teilnehmenden Unternehmen Anwendungsbeispiele aus ihren Projekten vor und gaben Einblicke \u00fcber Innovationen in der Produktentwicklung. Auf der begleitenden Ausstellung stellte die ICP Solution die L\u00f6sung Fusion Cloud Innovation Management vor.<\/td>\n<td style=\"height: 386px; width: 279px;\"><img decoding=\"async\" class=\" aligncenter\" src=\"\/wp-content\/uploads\/2016\/02\/PI_Logo.png\" alt=\"\" width=\"275\"><\/td>\n<\/tr>\n<tr style=\"height: 548px;\">\n<td style=\"height: 548px; width: 504px;\" width=\"500\">\n<p><strong>ICP Solution Kundentage 2015<\/strong><\/p>\n<p>Im September 2015 fanden bereits zum 10. Male die ICP Solution Kundentage statt. \u00dcber 130 Teilnehmer aus 46 Unternehmen fanden den Weg nach Z\u00fcrich und K\u00f6ln.<\/p>\n<p>Zur 10. &nbsp;Jubil\u00e4umsveranstaltung hatten wir ein ganz besonderes Programm zusammengestellt. Neben den traditionellen Programmteilen, wie den neuesten Informationen von Oracle und Partnern, Kundenpr\u00e4sentationen und Vorstellungen von Zusatzapplikationen, gab es einen h\u00f6chst interessanten Gastvortrag von Dani Arnold. Er begeisterte unsere Kunden mit seinem Vortrag \u00fcber &#8222;H\u00f6chstleistungen in Extremsituationen, Umgang mit Niederlagen, Motivation und Risikomanagement&#8220;.<\/td>\n<td style=\"height: 548px; width: 279px;\"><img decoding=\"async\" class=\" aligncenter\" src=\"\/wp-content\/uploads\/2015\/11\/Eventbild_Kundentag_2.jpg\" alt=\"\" width=\"275\"><\/td>\n<\/tr>\n<tr style=\"height: 304px;\">\n<td style=\"height: 304px; width: 504px;\" width=\"500\">\n<p><strong>Event &#8222;PLM-Einsatz bei Packsys Global live erleben&#8220;<\/strong><\/p>\n<p>Am Mittwoch, den 25. M\u00e4rz 2015 konnte der erfolgreiche PLM-Einsatz direkt bei Packsys Global live erlebt werden.Die PLM-Spezialisten von Packsys Global und der ICP Solution stellten vor, wie Agile PLM eingef\u00fchrt wurde und wie es f\u00fcr das \u00fcbergreifende Produktdaten- und Lifecycle Management inkl. automatischer Dokumentationserstellung genutzt wird.<\/td>\n<td style=\"height: 304px; width: 279px;\"><img decoding=\"async\" class=\" aligncenter\" src=\"\/wp-content\/uploads\/2015\/01\/Bild_PSG_Event.png\" alt=\"\" width=\"275\"><\/td>\n<\/tr>\n<tr style=\"height: 327px;\">\n<td style=\"height: 327px; width: 504px;\" width=\"500\">\n<p><strong>ICP Solution auf dem 3. Oracle Value Chain Summit in London<\/strong><\/p>\n<p>Vom 10. bis 11. M\u00e4rz fand in London der 3. Value Chain Summit statt. Es waren \u00fcber 350 Teilnehmer anwesend, die in 50 Sessions die drei Kernthemen&nbsp;360\u00b0 innovation, customer centric supply chains, und&nbsp;compliant network<strong>&nbsp;<\/strong>erleben k\u00f6nnen. Die ICP Solution war als Bronzesponsor bei dieser Veranstaltung vertreten.<\/td>\n<td style=\"height: 327px; width: 279px;\">&nbsp;<\/td>\n<\/tr>\n<tr style=\"height: 271px;\">\n<td style=\"height: 271px; width: 504px;\" width=\"500\">\n<p><strong>Auszeichnung der ICP Solution in der Schweiz<\/strong><\/p>\n<p>Anl\u00e4sslich des Kunden- und Partnertages von Oracle in der Schweiz mit \u00fcber 250 Teilnehmern am 4. November 2014 wurde die ICP Solution GmbH mit dem Preis als bester Partner 2014 im Bereich \u201eApplications\u201c vom europ\u00e4ischen Management von Oracle ausgezeichnet.<\/td>\n<td style=\"height: 271px; width: 279px;\"><img decoding=\"async\" class=\" aligncenter\" src=\"\/wp-content\/uploads\/2014\/11\/Award_AppPartner_2014.jpg\" alt=\"\" width=\"275\"><\/td>\n<\/tr>\n<tr style=\"height: 392px;\">\n<td style=\"height: 392px; width: 504px;\" width=\"500\">\n<p><strong>ICP Solution auf dem Summit Product Development 2015 in Z\u00fcrich<\/strong><\/p>\n<p>Die 8. Jahrestagung \u201csummit product development 2015\u2033 in Z\u00fcrich am 17. und 18. M\u00e4rz 2015 diskutiert aktuelle Herausforderungen und zuk\u00fcnftige Themen des Innovationsmanagements und der Produktentwicklung. Lassen Sie sich von namhaften Referenten aus Wissenschaft und Praxis inspirieren. Die ICP Solution ist Hauptsponsor dieser Veranstaltung. Weitere Informationen und Anmeldung unter:<a href=\"https:\/\/www.summitproductdevelopment.com\"> www.summitproductdevelopment.com<\/a><\/td>\n<td style=\"height: 392px; width: 279px;\"><img decoding=\"async\" class=\" aligncenter\" src=\"\/wp-content\/uploads\/2014\/12\/Summit-2015.jpg\" alt=\"\" width=\"275\"><\/td>\n<\/tr>\n<tr style=\"height: 322px;\">\n<td style=\"height: 322px; width: 504px;\" width=\"500\">\n<p><strong>ICP Kundentage 2014<\/strong><\/p>\n<p>Die 9. ICP Kundentage fanden traditionell&nbsp;an zwei Terminen jeweils in Deutschland und in der Schweiz statt.&nbsp; Am 25.09.2014 in der&nbsp;Schweiz im Hilton Airport Z\u00fcrich und am 01.10.2014&nbsp;in K\u00f6ln&nbsp;im Hotel Pullman.<\/p>\n<p>An beiden Terminen konnten wir zusammen \u00fcber 140 Teilnehmer begr\u00fc\u00dfen.<\/td>\n<td style=\"height: 322px; width: 279px;\"><img decoding=\"async\" class=\" aligncenter\" src=\"\/wp-content\/uploads\/2014\/09\/IMGP3270_web.jpg\" alt=\"\" width=\"275\"><\/td>\n<\/tr>\n<tr style=\"height: 174px;\">\n<td style=\"height: 174px; width: 504px;\">\n<p><strong>2. Oracle Value Chain Summit<\/strong><\/p>\n<p>Erfolgreicher 2. europ\u00e4ischer Oracle PLM Summit im Rahmen des Oracle Value Chain&nbsp;Summits 2014 in Amsterdam.<\/td>\n<td style=\"height: 174px; width: 279px;\"><img decoding=\"async\" class=\" aligncenter\" src=\"\/wp-content\/uploads\/2014\/05\/moevenpick_hotel.jpg\" alt=\"\" width=\"275\"><\/td>\n<\/tr>\n<tr style=\"height: 174px;\">\n<td style=\"height: 174px; width: 504px;\">\n<p><strong>ICP Kundentage 2013<\/strong><\/p>\n<p>Erfolgreiche Veranstaltungen am 18.09.2013 in Z\u00fcrich und am 25.09.2013 in K\u00f6ln mit&nbsp;neuem Teilnehmerrekord!<\/td>\n<td style=\"height: 174px; width: 279px;\"><img decoding=\"async\" class=\" aligncenter\" src=\"\/wp-content\/uploads\/2014\/05\/pullman_hotel_koeln.jpg\" alt=\"\" width=\"275\"><\/td>\n<\/tr>\n<tr style=\"height: 262px;\">\n<td style=\"height: 262px; width: 504px;\">\n<p><strong>ICP Solution als Gold Sponsor auf dem 1. Oracle Value Chain Summit in K\u00f6ln<\/strong><\/p>\n<p>Die ICP Solution hat als Gold Sponsor auf dem 1st European Oracle Enterprise PLM&nbsp;Summit ausgestellt. Der PLM Summit fand im Rahmen des 1st Oracle Value Chain Summit,vom 19-20 M\u00e4rz 2013 in K\u00f6ln statt.<\/td>\n<td style=\"height: 262px; width: 279px;\"><img decoding=\"async\" class=\" aligncenter\" src=\"\/wp-content\/uploads\/2014\/05\/mediapark_koeln.jpg\" alt=\"\" width=\"275\"><\/td>\n<\/tr>\n<tr style=\"height: 239px;\">\n<td style=\"height: 239px; width: 504px;\">\n<p><strong>ICP Solution auf der Product Innovation 2013<\/strong><\/p>\n<p>Am 19. und 20. Februar fand der Product Innovation Kongress in Berlin statt. Die ICP Solution war mit einem Stand an diesem internationalen Kongress \u00fcber<br \/>\nProduktinnovation vertreten.<\/td>\n<td style=\"height: 239px; width: 279px;\"><img decoding=\"async\" class=\" aligncenter\" src=\"\/wp-content\/uploads\/2014\/05\/maritim_hotel_berlin.jpg\" alt=\"\" width=\"275\"><\/td>\n<\/tr>\n<\/tbody>\n<\/table>\n<p>&nbsp;<\/p>\n","protected":false},"excerpt":{"rendered":"<p>Pr\u00e4sentation der Inhalte des 16. ICP Solution Kundentags in der Schweiz Auf vielfachen Wunsch unser Schweizer Kunden m\u00f6chten wir Sie gemeinsam mit unserem Partner CONTACT Software am Mittwoch, 12. Juni 2024, von 10 bis 15 Uhr zu unserem ICP\/ENBASO-Kundentag einladen. Die exklusive Veranstaltung im Lake Side Z\u00fcrich steht unter dem Motto \u201eFast Forward digital Transformation\u201c. [&hellip;]<\/p>\n","protected":false},"author":9,"featured_media":0,"parent":0,"menu_order":0,"comment_status":"closed","ping_status":"closed","template":"","meta":{"footnotes":""},"class_list":["post-5","page","type-page","status-publish","hentry","language-de"],"_links":{"self":[{"href":"https:\/\/www.icpsolution.com\/index.php?rest_route=\/wp\/v2\/pages\/5","targetHints":{"allow":["GET"]}}],"collection":[{"href":"https:\/\/www.icpsolution.com\/index.php?rest_route=\/wp\/v2\/pages"}],"about":[{"href":"https:\/\/www.icpsolution.com\/index.php?rest_route=\/wp\/v2\/types\/page"}],"author":[{"embeddable":true,"href":"https:\/\/www.icpsolution.com\/index.php?rest_route=\/wp\/v2\/users\/9"}],"replies":[{"embeddable":true,"href":"https:\/\/www.icpsolution.com\/index.php?rest_route=%2Fwp%2Fv2%2Fcomments&post=5"}],"version-history":[{"count":118,"href":"https:\/\/www.icpsolution.com\/index.php?rest_route=\/wp\/v2\/pages\/5\/revisions"}],"predecessor-version":[{"id":2928,"href":"https:\/\/www.icpsolution.com\/index.php?rest_route=\/wp\/v2\/pages\/5\/revisions\/2928"}],"wp:attachment":[{"href":"https:\/\/www.icpsolution.com\/index.php?rest_route=%2Fwp%2Fv2%2Fmedia&parent=5"}],"curies":[{"name":"wp","href":"https:\/\/api.w.org\/{rel}","templated":true}]}}