{"id":2481,"date":"2020-02-19T10:50:15","date_gmt":"2020-02-19T09:50:15","guid":{"rendered":"http:\/\/www.icpsolution.com\/?page_id=2481"},"modified":"2020-09-23T12:31:01","modified_gmt":"2020-09-23T11:31:01","slug":"visual-analytics","status":"publish","type":"page","link":"https:\/\/www.icpsolution.com\/?page_id=2481","title":{"rendered":"Visual Analytics"},"content":{"rendered":"\n<div class=\"wp-block-group\"><div class=\"wp-block-group__inner-container is-layout-flow wp-block-group-is-layout-flow\">\n<img loading=\"lazy\" decoding=\"async\" class=\" aligncenter\" src=\"https:\/\/www.icpsolution.com\/wp-content\/uploads\/2015\/05\/Tableau_1.jpg\" alt=\"Tableau\" width=\"400\" height=\"200\" \/><\/a><\/p>\n<\/div><\/div>\n\n\n\n<p><strong>Analytics und Business Intelligence<\/strong><\/p>\n\n\n\n<p>Unternehmen und Organisationen sind gefordert, den beschleunigten Wandel in der Welt zu vollziehen, Trends fr\u00fchzeitig zu erkennen und erfolgreich f\u00fcr ihr Gesch\u00e4ft zu nutzen. Dies erfordert jederzeit solide Informationen. Gleichzeitig stehen Top-Management und technische F\u00fchrungskr\u00e4fte vor der Aufgabe, Informationen system\u00fcbergreifend zu analysieren und f\u00fcr zukunftsweisende Entscheidungen zu interpretieren.<\/p>\n\n\n\n<p><strong>Unser Partner: Tableau Software<\/strong><\/p>\n\n\n\n<p>Tableau hilft den Menschen, ihre Daten zu sehen und zu verstehen. Tableau macht f\u00fcr jedermann die Datenanalyse schnell, einfach, sch\u00f6n und n\u00fctzlich. Zehntausende von Kunden auf der ganzen Welt, von Einzelpersonen und gemeinn\u00fctzigen Organisationen bis hin zu Regierungsbeh\u00f6rden und den Fortune 500, nutzen Tableau, um schnelle Einblicke zu erhalten und wirkungsvolle, datengest\u00fctzte Entscheidungen zu treffen.&nbsp;<\/p>\n\n\n\n<p><strong>Product Lifecycle Management und Visual Analytics<\/strong><\/p>\n\n\n\n<p>Die ICP Solution GmbH ist der erste Tableau Partner in Deutschland, der sein Wissen im Bereich von PLM-L\u00f6sungen mit Tableau Software zu Visual Analytics verbindet und dabei die vorhandenen Datenquellen des Unternehmens nutzt. Gerade in PLM-Systemen, als technisches R\u00fcckgrat der Unternehmen, sind unz\u00e4hlige wertvolle Daten gespeichert. Diese Informationen in Kombination mit Daten aus verschiedenen anderen Unternehmensanwendungen garantierten einen au\u00dferordentlichen Nutzen.&nbsp;<\/p>\n\n\n\n<p><strong>Unser Angebot<\/strong><\/p>\n\n\n\n<p>Unsere Dienstleistungen umfassen eine Komplettl\u00f6sung von der Installation \u00fcber den Zugriff auf die PLM-Daten, die Verkn\u00fcpfung der Daten und die Erstellung von relevanten Charts und Dashboards.<\/p>\n\n\n\n<p><strong>Anwendungsf\u00e4lle von Visual Analytics und PLM<\/strong><\/p>\n\n\n\n<p>Hier einige Anwendungsbeispiele von Tableau Software mit Agile e6. <a href=\"https:\/\/www.icpsolution.com\/anwendungsfaelle-tableau\/\">Click here!<\/a><\/p>\n\n\n\n<p><strong>Free Trial Version<\/strong><\/p>\n\n\n\n<p>Sie k\u00f6nnen sich unter folgenden Link eine Test-Version von Tableau Desktop herunterladen: &nbsp;<a rel=\"noreferrer noopener\" href=\"https:\/\/www.tableau.com\/partner-trial?id=40223\" target=\"_blank\">DOWNLOAD-PAGE<\/a><\/p>\n\n\n\n<div class=\"wp-block-image\"><figure class=\"aligncenter size-large\"><a href=\"https:\/\/www.icpsolution.com\/wp-content\/uploads\/2015\/05\/tableau-partner-logo.jpg\"><img loading=\"lazy\" decoding=\"async\" width=\"281\" height=\"180\" src=\"https:\/\/www.icpsolution.com\/wp-content\/uploads\/2015\/05\/tableau-partner-logo.jpg\" alt=\"\" class=\"wp-image-1330\"\/><\/a><\/figure><\/div>\n","protected":false},"excerpt":{"rendered":"<p>Analytics und Business Intelligence Unternehmen und Organisationen sind gefordert, den beschleunigten Wandel in der Welt zu vollziehen, Trends fr\u00fchzeitig zu erkennen und erfolgreich f\u00fcr ihr Gesch\u00e4ft zu nutzen. Dies erfordert jederzeit solide Informationen. Gleichzeitig stehen Top-Management und technische F\u00fchrungskr\u00e4fte vor der Aufgabe, Informationen system\u00fcbergreifend zu analysieren und f\u00fcr zukunftsweisende Entscheidungen zu interpretieren. Unser Partner: Tableau [&hellip;]<\/p>\n","protected":false},"author":11,"featured_media":0,"parent":0,"menu_order":0,"comment_status":"closed","ping_status":"closed","template":"","meta":{"footnotes":""},"class_list":["post-2481","page","type-page","status-publish","hentry","language-de"],"_links":{"self":[{"href":"https:\/\/www.icpsolution.com\/index.php?rest_route=\/wp\/v2\/pages\/2481","targetHints":{"allow":["GET"]}}],"collection":[{"href":"https:\/\/www.icpsolution.com\/index.php?rest_route=\/wp\/v2\/pages"}],"about":[{"href":"https:\/\/www.icpsolution.com\/index.php?rest_route=\/wp\/v2\/types\/page"}],"author":[{"embeddable":true,"href":"https:\/\/www.icpsolution.com\/index.php?rest_route=\/wp\/v2\/users\/11"}],"replies":[{"embeddable":true,"href":"https:\/\/www.icpsolution.com\/index.php?rest_route=%2Fwp%2Fv2%2Fcomments&post=2481"}],"version-history":[{"count":11,"href":"https:\/\/www.icpsolution.com\/index.php?rest_route=\/wp\/v2\/pages\/2481\/revisions"}],"predecessor-version":[{"id":2665,"href":"https:\/\/www.icpsolution.com\/index.php?rest_route=\/wp\/v2\/pages\/2481\/revisions\/2665"}],"wp:attachment":[{"href":"https:\/\/www.icpsolution.com\/index.php?rest_route=%2Fwp%2Fv2%2Fmedia&parent=2481"}],"curies":[{"name":"wp","href":"https:\/\/api.w.org\/{rel}","templated":true}]}}