{"id":232,"date":"2014-05-16T16:06:56","date_gmt":"2014-05-16T14:06:56","guid":{"rendered":"http:\/\/www.icpsolution.com\/?page_id=232"},"modified":"2020-09-23T11:28:30","modified_gmt":"2020-09-23T10:28:30","slug":"autovue","status":"publish","type":"page","link":"https:\/\/www.icpsolution.com\/?page_id=232","title":{"rendered":"AutoVue"},"content":{"rendered":"<p>Oracle AutoVue-L\u00f6sungen f\u00fcr die Unternehmensvisualisierung sind auf die aktuellen Herausforderungen beim Informationsaustausch und der informationsbasierten Kooperation ausgelegt. Mit Oracle AutoVue-Anwendungen k\u00f6nnen Sie Ihre Gesch\u00e4ftsabl\u00e4ufe grundlegend umgestalten: Sie bieten eine zentrale Visualisierungsplattform zum Anzeigen und Drucken aller g\u00e4ngigen Dokumenttypen und zur sicheren Zusammenarbeit \u2013 von Back-Office-Dokumenten bis hin zu anspruchsvollen Konstruktionsdateien (MCAD, ECAD usw.).<\/p>\n<p>AutoVue ist tief in Oracle\u2019s Agile PLM integriert und erm\u00f6glicht somit eine harmonisierte Nutzung visueller Informationen, die f\u00fcr optimale Entscheidungen im entsprechenden Gesch\u00e4ftskontext wiedergegeben werden.<\/p>\n<p><a href=\"https:\/\/www.icpsolution.com\/wp-content\/uploads\/2014\/05\/AutoVue.jpg\"><img loading=\"lazy\" decoding=\"async\" class=\"alignnone size-full wp-image-234\" src=\"https:\/\/www.icpsolution.com\/wp-content\/uploads\/2014\/05\/AutoVue.jpg\" alt=\"AutoVue\" width=\"800\" height=\"633\" \/><\/a><\/p>\n","protected":false},"excerpt":{"rendered":"<p>Oracle AutoVue-L\u00f6sungen f\u00fcr die Unternehmensvisualisierung sind auf die aktuellen Herausforderungen beim Informationsaustausch und der informationsbasierten Kooperation ausgelegt. Mit Oracle AutoVue-Anwendungen k\u00f6nnen Sie Ihre Gesch\u00e4ftsabl\u00e4ufe grundlegend umgestalten: Sie bieten eine zentrale Visualisierungsplattform zum Anzeigen und Drucken aller g\u00e4ngigen Dokumenttypen und zur sicheren Zusammenarbeit \u2013 von Back-Office-Dokumenten bis hin zu anspruchsvollen Konstruktionsdateien (MCAD, ECAD usw.). AutoVue ist [&hellip;]<\/p>\n","protected":false},"author":9,"featured_media":0,"parent":9,"menu_order":9,"comment_status":"closed","ping_status":"closed","template":"","meta":{"footnotes":""},"class_list":["post-232","page","type-page","status-publish","hentry","language-de"],"_links":{"self":[{"href":"https:\/\/www.icpsolution.com\/index.php?rest_route=\/wp\/v2\/pages\/232","targetHints":{"allow":["GET"]}}],"collection":[{"href":"https:\/\/www.icpsolution.com\/index.php?rest_route=\/wp\/v2\/pages"}],"about":[{"href":"https:\/\/www.icpsolution.com\/index.php?rest_route=\/wp\/v2\/types\/page"}],"author":[{"embeddable":true,"href":"https:\/\/www.icpsolution.com\/index.php?rest_route=\/wp\/v2\/users\/9"}],"replies":[{"embeddable":true,"href":"https:\/\/www.icpsolution.com\/index.php?rest_route=%2Fwp%2Fv2%2Fcomments&post=232"}],"version-history":[{"count":5,"href":"https:\/\/www.icpsolution.com\/index.php?rest_route=\/wp\/v2\/pages\/232\/revisions"}],"predecessor-version":[{"id":2589,"href":"https:\/\/www.icpsolution.com\/index.php?rest_route=\/wp\/v2\/pages\/232\/revisions\/2589"}],"up":[{"embeddable":true,"href":"https:\/\/www.icpsolution.com\/index.php?rest_route=\/wp\/v2\/pages\/9"}],"wp:attachment":[{"href":"https:\/\/www.icpsolution.com\/index.php?rest_route=%2Fwp%2Fv2%2Fmedia&parent=232"}],"curies":[{"name":"wp","href":"https:\/\/api.w.org\/{rel}","templated":true}]}}