{"id":222,"date":"2014-05-16T15:58:17","date_gmt":"2014-05-16T13:58:17","guid":{"rendered":"http:\/\/www.icpsolution.com\/?page_id=222"},"modified":"2020-09-23T12:16:01","modified_gmt":"2020-09-23T11:16:01","slug":"cuckoo","status":"publish","type":"page","link":"https:\/\/www.icpsolution.com\/?page_id=222","title":{"rendered":"cuckoo"},"content":{"rendered":"<p><strong>Mobiler Client f\u00fcr PLM: cuckoo<\/strong><\/p>\n<p>cuckoo ist ein webbasierter Thin Client f\u00fcr Agile PLM<br \/>\nMit cuckoo kann man mit jedem browserf\u00e4higen Mobilger\u00e4t auf die Daten in PLM zugreifen.<\/p>\n<ul>\n<li>Baut auf der Webservice-Technologie von e6 auf (Voraussetzung 6.1.2)<\/li>\n<li>Basiert ausschliesslich auf OpenSource Produkten und OpenSource Technologien.<\/li>\n<li>Ein Standardusecase wird mitgeliert<\/li>\n<li>Selbst definierbare UseCases erm\u00f6glichen einen einfachen und schnellen Zugang zu AgilePLM.<\/li>\n<li>Das Rollen- und Rechtekonzept von PLM wird unterst\u00fctzt<\/li>\n<li>Ist selbsterkl\u00e4rend und ben\u00f6tigt kein zus\u00e4tzliches Training<\/li>\n<\/ul>\n<p><a href=\"https:\/\/www.icpsolution.com\/wp-content\/uploads\/2014\/05\/cuckoo.jpg\"><img loading=\"lazy\" decoding=\"async\" class=\"alignnone size-full wp-image-224\" src=\"https:\/\/www.icpsolution.com\/wp-content\/uploads\/2014\/05\/cuckoo.jpg\" alt=\"cuckoo\" width=\"800\" height=\"514\" \/><\/a><\/p>\n","protected":false},"excerpt":{"rendered":"<p>Mobiler Client f\u00fcr PLM: cuckoo cuckoo ist ein webbasierter Thin Client f\u00fcr Agile PLM Mit cuckoo kann man mit jedem browserf\u00e4higen Mobilger\u00e4t auf die Daten in PLM zugreifen. Baut auf der Webservice-Technologie von e6 auf (Voraussetzung 6.1.2) Basiert ausschliesslich auf OpenSource Produkten und OpenSource Technologien. Ein Standardusecase wird mitgeliert Selbst definierbare UseCases erm\u00f6glichen einen einfachen [&hellip;]<\/p>\n","protected":false},"author":9,"featured_media":0,"parent":9,"menu_order":7,"comment_status":"closed","ping_status":"closed","template":"","meta":{"footnotes":""},"class_list":["post-222","page","type-page","status-publish","hentry","language-de"],"_links":{"self":[{"href":"https:\/\/www.icpsolution.com\/index.php?rest_route=\/wp\/v2\/pages\/222","targetHints":{"allow":["GET"]}}],"collection":[{"href":"https:\/\/www.icpsolution.com\/index.php?rest_route=\/wp\/v2\/pages"}],"about":[{"href":"https:\/\/www.icpsolution.com\/index.php?rest_route=\/wp\/v2\/types\/page"}],"author":[{"embeddable":true,"href":"https:\/\/www.icpsolution.com\/index.php?rest_route=\/wp\/v2\/users\/9"}],"replies":[{"embeddable":true,"href":"https:\/\/www.icpsolution.com\/index.php?rest_route=%2Fwp%2Fv2%2Fcomments&post=222"}],"version-history":[{"count":6,"href":"https:\/\/www.icpsolution.com\/index.php?rest_route=\/wp\/v2\/pages\/222\/revisions"}],"predecessor-version":[{"id":2624,"href":"https:\/\/www.icpsolution.com\/index.php?rest_route=\/wp\/v2\/pages\/222\/revisions\/2624"}],"up":[{"embeddable":true,"href":"https:\/\/www.icpsolution.com\/index.php?rest_route=\/wp\/v2\/pages\/9"}],"wp:attachment":[{"href":"https:\/\/www.icpsolution.com\/index.php?rest_route=%2Fwp%2Fv2%2Fmedia&parent=222"}],"curies":[{"name":"wp","href":"https:\/\/api.w.org\/{rel}","templated":true}]}}