{"id":211,"date":"2014-05-16T15:47:23","date_gmt":"2014-05-16T13:47:23","guid":{"rendered":"http:\/\/www.icpsolution.com\/?page_id=211"},"modified":"2020-09-23T11:29:45","modified_gmt":"2020-09-23T10:29:45","slug":"wartungsstrukturen-ima","status":"publish","type":"page","link":"https:\/\/www.icpsolution.com\/?page_id=211","title":{"rendered":"Wartungsstrukturen IMA"},"content":{"rendered":"<p><strong>F\u00fcr welche Unternehmen ist IMA interessant?<\/strong><\/p>\n<ul>\n<li>Maschinenbau<\/li>\n<li>Anlagenbau<\/li>\n<li>Sonderfahrzeugbau<\/li>\n<li>Wehrtechnik<\/li>\n<li>Medizintechnik<\/li>\n<\/ul>\n<p><strong>Die Anwendungsbereiche<\/strong><\/p>\n<ul>\n<li>Produktwartung \/ Ersatzteile<\/li>\n<li>Erweiterungen \/ Upgrade-Angebote<\/li>\n<li>Fehlerbeseitigung<\/li>\n<li>Weiterentwicklungen<\/li>\n<\/ul>\n<p><strong>Die L\u00f6sung<\/strong><\/p>\n<p>Mit der ICP Maintenance-Accelerate-L\u00f6sung (IMA) kann aus der allgemeinen Entwicklungsstruktur eine kundenspezifische Wartungsstruktur erstellt, gepflegt und verwaltet werden. So ist jederzeit eine \u00dcbersicht der Einzelteile und Baugruppen der Anlagen bzw. Maschinen vorhanden. Mit diesem Wissen k\u00f6nnen sowohl Servicef\u00e4lle einfach bearbeitet werden als auch Gesch\u00e4ft \u00fcber Erweiterungen oder Verbesserungen erzielt werden.<\/p>\n<p>Mit IMA l\u00e4sst sich mehr Umsatz im Servicegesch\u00e4ft generieren. Mit dem Wissen bis ins kleinste Einzelteil der Produkte die bei ihren Kunden im Einsatz sind, l\u00e4sst sich ein Servicegesch\u00e4ft aufbauen. Sie k\u00f6nnen dem Kunden so ganz individuell spezifische Neuerungen oder performancesteigernde Upgrades anbieten.<\/p>\n<p><strong>Die Funktionen von IMA\u00a0<\/strong><\/p>\n<ul>\n<li>Generierung der initialen \u201eas-built\u201c Struktur aus der Engineering St\u00fcckliste<\/li>\n<li>Generierung einer eindeutigen Kunden-Produktstruktur \u201eas-maintained\u201c<\/li>\n<li>\u00c4nderungsfunktionen der \u201eas-maintained\u201c<\/li>\n<li>\u00c4nderungsprozesse (Maintenance Work Order)<\/li>\n<li>Vergleichsfunktionen<\/li>\n<\/ul>\n<p><a href=\"https:\/\/www.icpsolution.com\/wp-content\/uploads\/2014\/05\/IMA.jpg\"><img loading=\"lazy\" decoding=\"async\" class=\"alignnone size-full wp-image-213\" src=\"https:\/\/www.icpsolution.com\/wp-content\/uploads\/2014\/05\/IMA.jpg\" alt=\"IMA\" width=\"800\" height=\"399\" \/><\/a><\/p>\n","protected":false},"excerpt":{"rendered":"<p>F\u00fcr welche Unternehmen ist IMA interessant? Maschinenbau Anlagenbau Sonderfahrzeugbau Wehrtechnik Medizintechnik Die Anwendungsbereiche Produktwartung \/ Ersatzteile Erweiterungen \/ Upgrade-Angebote Fehlerbeseitigung Weiterentwicklungen Die L\u00f6sung Mit der ICP Maintenance-Accelerate-L\u00f6sung (IMA) kann aus der allgemeinen Entwicklungsstruktur eine kundenspezifische Wartungsstruktur erstellt, gepflegt und verwaltet werden. So ist jederzeit eine \u00dcbersicht der Einzelteile und Baugruppen der Anlagen bzw. Maschinen vorhanden. [&hellip;]<\/p>\n","protected":false},"author":9,"featured_media":0,"parent":9,"menu_order":6,"comment_status":"closed","ping_status":"closed","template":"","meta":{"footnotes":""},"class_list":["post-211","page","type-page","status-publish","hentry","language-de"],"_links":{"self":[{"href":"https:\/\/www.icpsolution.com\/index.php?rest_route=\/wp\/v2\/pages\/211","targetHints":{"allow":["GET"]}}],"collection":[{"href":"https:\/\/www.icpsolution.com\/index.php?rest_route=\/wp\/v2\/pages"}],"about":[{"href":"https:\/\/www.icpsolution.com\/index.php?rest_route=\/wp\/v2\/types\/page"}],"author":[{"embeddable":true,"href":"https:\/\/www.icpsolution.com\/index.php?rest_route=\/wp\/v2\/users\/9"}],"replies":[{"embeddable":true,"href":"https:\/\/www.icpsolution.com\/index.php?rest_route=%2Fwp%2Fv2%2Fcomments&post=211"}],"version-history":[{"count":5,"href":"https:\/\/www.icpsolution.com\/index.php?rest_route=\/wp\/v2\/pages\/211\/revisions"}],"predecessor-version":[{"id":2593,"href":"https:\/\/www.icpsolution.com\/index.php?rest_route=\/wp\/v2\/pages\/211\/revisions\/2593"}],"up":[{"embeddable":true,"href":"https:\/\/www.icpsolution.com\/index.php?rest_route=\/wp\/v2\/pages\/9"}],"wp:attachment":[{"href":"https:\/\/www.icpsolution.com\/index.php?rest_route=%2Fwp%2Fv2%2Fmedia&parent=211"}],"curies":[{"name":"wp","href":"https:\/\/api.w.org\/{rel}","templated":true}]}}