{"id":206,"date":"2014-05-16T15:43:56","date_gmt":"2014-05-16T13:43:56","guid":{"rendered":"http:\/\/www.icpsolution.com\/?page_id=206"},"modified":"2020-09-23T11:29:04","modified_gmt":"2020-09-23T10:29:04","slug":"volltextsuche-mit-ifa","status":"publish","type":"page","link":"https:\/\/www.icpsolution.com\/?page_id=206","title":{"rendered":"Volltextsuche mit IFA"},"content":{"rendered":"<p><strong>Globales Suchen mit der Accelerate-L\u00f6sung: IFA <\/strong><\/p>\n<p>In Zusammenarbeit mit unserem Partner der IntraFind Software\u00a0AG hat die ICP Solution eine L\u00f6sung zur Volltextsuche auf Basis des Produktes iFinder im Umfeld von Agile PLM erstellt.<\/p>\n<p>Der iFinder ist eine qualitativ hochwertige Suchl\u00f6sung, mit der s\u00e4mtliche unstrukturierten und auch strukturierten Datenquellen in Ihrem Unternehmen indiziert und suchbar gemacht werden. \u00dcber Filesystem- Indizierung, Konnektoren zu Datenbanken und E-Mail-Systemen sowie durch Crawler werden alle vorhandenen Datenquellen angebunden.<\/p>\n<p>Durch die Agile PLM-Schnittstelle k\u00f6nnen Sie einfach alle technischen Dokumente indizieren. So ist es f\u00fcr den Anwender leicht, nach s\u00e4mtlichen technischen Dokumenten suchen. Diese Suche erfolgt innerhalb von PLM sowohl nach Fileinhalten als auch nach Metadaten oder aber auch\u00a0 nach Dokumenten au\u00dferhalb von PLM, die z.B. in Shares liegen. Die Berechtigungsinformationen aus PLM werden ber\u00fccksichtigt, um so eine personalisierte Suche zu erm\u00f6glichen. Von der Trefferliste erfolgt ein direkter R\u00fccksprung auf die jeweiligen Dokumente in PLM.<\/p>\n<p>Durch die zahlreichen weiteren Konnektoren der Firma Intrafind zu den unterschiedlichsten Datenquellen k\u00f6nnen sie sich eine Volltextsuche \u00fcber s\u00e4mtliche Dokumente Ihres Unternehmens aufbauen.<\/p>\n<p><a href=\"https:\/\/www.icpsolution.com\/wp-content\/uploads\/2014\/05\/IFA.jpg\"><img loading=\"lazy\" decoding=\"async\" class=\"alignnone size-full wp-image-208\" src=\"https:\/\/www.icpsolution.com\/wp-content\/uploads\/2014\/05\/IFA.jpg\" alt=\"IFA\" width=\"800\" height=\"506\" \/><\/a><\/p>\n","protected":false},"excerpt":{"rendered":"<p>Globales Suchen mit der Accelerate-L\u00f6sung: IFA In Zusammenarbeit mit unserem Partner der IntraFind Software\u00a0AG hat die ICP Solution eine L\u00f6sung zur Volltextsuche auf Basis des Produktes iFinder im Umfeld von Agile PLM erstellt. Der iFinder ist eine qualitativ hochwertige Suchl\u00f6sung, mit der s\u00e4mtliche unstrukturierten und auch strukturierten Datenquellen in Ihrem Unternehmen indiziert und suchbar gemacht [&hellip;]<\/p>\n","protected":false},"author":9,"featured_media":0,"parent":9,"menu_order":5,"comment_status":"closed","ping_status":"closed","template":"","meta":{"footnotes":""},"class_list":["post-206","page","type-page","status-publish","hentry","language-de"],"_links":{"self":[{"href":"https:\/\/www.icpsolution.com\/index.php?rest_route=\/wp\/v2\/pages\/206","targetHints":{"allow":["GET"]}}],"collection":[{"href":"https:\/\/www.icpsolution.com\/index.php?rest_route=\/wp\/v2\/pages"}],"about":[{"href":"https:\/\/www.icpsolution.com\/index.php?rest_route=\/wp\/v2\/types\/page"}],"author":[{"embeddable":true,"href":"https:\/\/www.icpsolution.com\/index.php?rest_route=\/wp\/v2\/users\/9"}],"replies":[{"embeddable":true,"href":"https:\/\/www.icpsolution.com\/index.php?rest_route=%2Fwp%2Fv2%2Fcomments&post=206"}],"version-history":[{"count":5,"href":"https:\/\/www.icpsolution.com\/index.php?rest_route=\/wp\/v2\/pages\/206\/revisions"}],"predecessor-version":[{"id":2591,"href":"https:\/\/www.icpsolution.com\/index.php?rest_route=\/wp\/v2\/pages\/206\/revisions\/2591"}],"up":[{"embeddable":true,"href":"https:\/\/www.icpsolution.com\/index.php?rest_route=\/wp\/v2\/pages\/9"}],"wp:attachment":[{"href":"https:\/\/www.icpsolution.com\/index.php?rest_route=%2Fwp%2Fv2%2Fmedia&parent=206"}],"curies":[{"name":"wp","href":"https:\/\/api.w.org\/{rel}","templated":true}]}}