{"id":2002,"date":"2018-01-23T11:51:48","date_gmt":"2018-01-23T10:51:48","guid":{"rendered":"http:\/\/www.icpsolution.com\/?page_id=2002"},"modified":"2020-09-23T12:19:35","modified_gmt":"2020-09-23T11:19:35","slug":"design-costing","status":"publish","type":"page","link":"https:\/\/www.icpsolution.com\/?page_id=2002","title":{"rendered":"Design Costing"},"content":{"rendered":"<h4 style=\"text-align: center;\"><strong>Kostenkalkulation in der Produktentwicklung mit PLM und Design Costing von facton<\/strong><\/h4>\n<p><img loading=\"lazy\" decoding=\"async\" class=\"wp-image-2096 alignright\" src=\"https:\/\/www.icpsolution.com\/wp-content\/uploads\/2018\/01\/80_Prozent_Kosten-1024x301.png\" alt=\"\" width=\"628\" height=\"184\" srcset=\"https:\/\/www.icpsolution.com\/wp-content\/uploads\/2018\/01\/80_Prozent_Kosten-1024x301.png 1024w, https:\/\/www.icpsolution.com\/wp-content\/uploads\/2018\/01\/80_Prozent_Kosten-300x88.png 300w, https:\/\/www.icpsolution.com\/wp-content\/uploads\/2018\/01\/80_Prozent_Kosten-768x226.png 768w, https:\/\/www.icpsolution.com\/wp-content\/uploads\/2018\/01\/80_Prozent_Kosten.png 1604w\" sizes=\"auto, (max-width: 628px) 100vw, 628px\" \/><strong>ZIELKOSTEN IMMER IM BLICK<\/strong><br \/>\nFACTON EPC Design Costing deckt Kosten auf, wo Kosten entstehen \u2013 bereits in der Entwicklungsphase. 80% der Kosten werden in der Entwicklung festgelegt, daher ist dort die M\u00f6glichkeit der Beeinflussung am gr\u00f6\u00dften. Die Konstruktionsbegleitende Kalkulation erm\u00f6glicht sowohl die fr\u00fchzeitige Identifikation von Kostentreibern unter Ber\u00fccksichtigung der gesetzten Kostenziele, als auch einen schnellen Vergleich m\u00f6glicher Konstruktionsalternativen.<\/p>\n<p><strong>DIREKTES KOSTENFEEDBACK<\/strong><br \/>\nFACTON EPC Design Costing zeigt unmittelbar, welchen Einfluss design- und produktionsrelevante Entscheidungen, wie z. B. Material oder Fertigungsstandorte, auf die Kosten haben. Ist im System eine Zielkosten-Vorgabe hinterlegt, k\u00f6nnen Einsparpotentiale schnell erkannt und Alternativen leicht bewertet werden.<\/p>\n<p><strong>EINFACHE KALKULATIONSVERFAHREN MINIMIEREN DEN ARBEITSAUFWAND<\/strong><br \/>\nDa alle relevanten Daten in einem einheitlichen System gepflegt werden, minimiert sich der Kalkulationsaufwand. Die Konsolidierung mehrerer Kalkulationen z. B. in Excel wird obsolet. Das spart nicht nur Zeit, auch die Fehleranf\u00e4lligkeit sinkt. FACTON EPC Design Costing verzichtet auf eine komplexe Kostenrechnung und erm\u00f6glicht es Entwicklern und Konstrukteuren, Kostensch\u00e4tzungen bzw. grobe Kalkulationen zu erstellen. Sie ist ausreichend, um Kostentransparenz zu schaffen und Abweichungen der Zielvorgaben zu erkennen. Die Kalkulationsstruktur wird auf Basis der Konstruktionsst\u00fcckliste aufgebaut.<\/p>\n<p><img loading=\"lazy\" decoding=\"async\" class=\"wp-image-2095 alignright\" src=\"https:\/\/www.icpsolution.com\/wp-content\/uploads\/2018\/01\/Facton_Integration.png\" alt=\"\" width=\"726\" height=\"290\" srcset=\"https:\/\/www.icpsolution.com\/wp-content\/uploads\/2018\/01\/Facton_Integration.png 1000w, https:\/\/www.icpsolution.com\/wp-content\/uploads\/2018\/01\/Facton_Integration-300x120.png 300w, https:\/\/www.icpsolution.com\/wp-content\/uploads\/2018\/01\/Facton_Integration-768x307.png 768w\" sizes=\"auto, (max-width: 726px) 100vw, 726px\" \/><\/p>\n<p><strong>EINFACHE INTEGRATION IN PLM<\/strong><br \/>\nUm eine sinnvolle Kostenkalkulation in der Konstruktion vornehmen zu k\u00f6nnen, sind die Daten aus PLM unerl\u00e4sslich. Mit der Schnittstelle zwischen PLM und facton Design Costing werden Artikel und St\u00fccklistendaten mit den jeweiligen Attributen \u00fcbergeben. Dies bilden die Basis f\u00fcr die Kalkulationen in der Entwicklungsphase.<\/p>\n<p style=\"text-align: left;\"><strong>DIE FACTON PLATTFORM \u2013 EINE MODERNE BASIS F\u00dcR EINE INNOVATIVE SOFTWARE<\/strong><br \/>\nDie FACTON EPC Design Costing L\u00f6sung basiert auf der modernen FACTON Plattform. Der strukturierte Aufbau und die dadurch leichte Handhabe der Software erm\u00f6glichen es nicht nur Technik-Experten, belastbare Kalkulationen zu erstellen. Auch Nicht-Techniker k\u00f6nnen leicht erste Kostensch\u00e4tzungen f\u00fcr Ihre Produkte abbilden und schnelle und pr\u00e4zise Konstruktionsalternativen vergleichen.<\/p>\n<p style=\"text-align: left;\">Die Vorteile der FACTON Plattform:<\/p>\n<p><img loading=\"lazy\" decoding=\"async\" class=\"wp-image-2094 alignright\" src=\"https:\/\/www.icpsolution.com\/wp-content\/uploads\/2018\/01\/DC_Picture-1024x411.png\" alt=\"\" width=\"521\" height=\"209\" srcset=\"https:\/\/www.icpsolution.com\/wp-content\/uploads\/2018\/01\/DC_Picture-1024x411.png 1024w, https:\/\/www.icpsolution.com\/wp-content\/uploads\/2018\/01\/DC_Picture-300x120.png 300w, https:\/\/www.icpsolution.com\/wp-content\/uploads\/2018\/01\/DC_Picture-768x308.png 768w, https:\/\/www.icpsolution.com\/wp-content\/uploads\/2018\/01\/DC_Picture.png 1156w\" sizes=\"auto, (max-width: 521px) 100vw, 521px\" \/><\/p>\n<p>&#8211; Unkomplizierte und hohe Skalierbarkeit<br \/>\n&#8211; Schnelle Implementierung<br \/>\n&#8211; Modernes und intuitives User Interface<br \/>\n&#8211; Offlinef\u00e4higkeit<br \/>\n&#8211; Integriertes Reporting<br \/>\n&#8211; Einfacher On-Premise-Betrieb<br \/>\n&#8211; Sicherer Einsatz in der Cloud<\/p>\n<p><strong>\u00a0IHRE M\u00d6GLICHKEITEN IM \u00dcBERBLICK<\/strong><\/p>\n<p>&#8211; Kalkulation gegen Zielkosten und Abweichungsanalysen<br \/>\n&#8211; Bewertung kaufm\u00e4nnischer und technischer Konzeptalternativen<br \/>\n&#8211; Analyse der Produkt- und Projektwirtschaftlichkeit<br \/>\n&#8211; Aufbau der Kalkulationsstruktur auf Basis der Konstruktionsst\u00fcckliste aus dem CAD-System<br \/>\n&#8211; Standardisierte Kalkulationsstruktur<br \/>\n&#8211; Einfache Kalkulationsverfahren<\/p>\n<p>FACTON EPC Design Costing ist Teil der FACTON EPC Suite, der f\u00fchrenden Enterprise Product Costing (EPC)- L\u00f6sung f\u00fcr die Automotive-, Aerospace-, Maschinenbau- und Elektronik-Industrie. Erstellen Sie konstruktionsbegleitende Kalkulationen mit FACTON EPC Design Costing, um profitabler, flexibler und wettbewerbsf\u00e4higer zu werden.<\/p>\n","protected":false},"excerpt":{"rendered":"<p>Kostenkalkulation in der Produktentwicklung mit PLM und Design Costing von facton ZIELKOSTEN IMMER IM BLICK FACTON EPC Design Costing deckt Kosten auf, wo Kosten entstehen \u2013 bereits in der Entwicklungsphase. 80% der Kosten werden in der Entwicklung festgelegt, daher ist dort die M\u00f6glichkeit der Beeinflussung am gr\u00f6\u00dften. Die Konstruktionsbegleitende Kalkulation erm\u00f6glicht sowohl die fr\u00fchzeitige Identifikation [&hellip;]<\/p>\n","protected":false},"author":11,"featured_media":0,"parent":0,"menu_order":0,"comment_status":"closed","ping_status":"closed","template":"","meta":{"footnotes":""},"class_list":["post-2002","page","type-page","status-publish","hentry","language-de"],"_links":{"self":[{"href":"https:\/\/www.icpsolution.com\/index.php?rest_route=\/wp\/v2\/pages\/2002","targetHints":{"allow":["GET"]}}],"collection":[{"href":"https:\/\/www.icpsolution.com\/index.php?rest_route=\/wp\/v2\/pages"}],"about":[{"href":"https:\/\/www.icpsolution.com\/index.php?rest_route=\/wp\/v2\/types\/page"}],"author":[{"embeddable":true,"href":"https:\/\/www.icpsolution.com\/index.php?rest_route=\/wp\/v2\/users\/11"}],"replies":[{"embeddable":true,"href":"https:\/\/www.icpsolution.com\/index.php?rest_route=%2Fwp%2Fv2%2Fcomments&post=2002"}],"version-history":[{"count":17,"href":"https:\/\/www.icpsolution.com\/index.php?rest_route=\/wp\/v2\/pages\/2002\/revisions"}],"predecessor-version":[{"id":2640,"href":"https:\/\/www.icpsolution.com\/index.php?rest_route=\/wp\/v2\/pages\/2002\/revisions\/2640"}],"wp:attachment":[{"href":"https:\/\/www.icpsolution.com\/index.php?rest_route=%2Fwp%2Fv2%2Fmedia&parent=2002"}],"curies":[{"name":"wp","href":"https:\/\/api.w.org\/{rel}","templated":true}]}}