{"id":1995,"date":"2018-01-22T10:23:31","date_gmt":"2018-01-22T09:23:31","guid":{"rendered":"http:\/\/www.icpsolution.com\/?page_id=1995"},"modified":"2026-04-30T12:30:36","modified_gmt":"2026-04-30T11:30:36","slug":"plm-cloud-loesungen","status":"publish","type":"page","link":"https:\/\/www.icpsolution.com\/?page_id=1995","title":{"rendered":"PLM Cloud L\u00f6sungen"},"content":{"rendered":"<p style=\"text-align: center;\">Mit den Applikationen der Oracle Supply Chain Cloud k\u00f6nnen die Funktionen eines modernes PLM-Systems erstellt werden. Die Produktwertsch\u00f6pfungskette erstreckt sich von der schnellen Innovation \u00fcber die Entwicklung bis zur Vermarktung.<\/p>\n<p><img loading=\"lazy\" decoding=\"async\" class=\"aligncenter size-full wp-image-2219\" src=\"https:\/\/www.icpsolution.com\/wp-content\/uploads\/2018\/02\/PLM-Cloud_IDC_web.png\" alt=\"\" width=\"800\" height=\"342\" srcset=\"https:\/\/www.icpsolution.com\/wp-content\/uploads\/2018\/02\/PLM-Cloud_IDC_web.png 800w, https:\/\/www.icpsolution.com\/wp-content\/uploads\/2018\/02\/PLM-Cloud_IDC_web-300x128.png 300w, https:\/\/www.icpsolution.com\/wp-content\/uploads\/2018\/02\/PLM-Cloud_IDC_web-768x328.png 768w\" sizes=\"auto, (max-width: 800px) 100vw, 800px\" \/><\/p>\n<p style=\"text-align: center;\">Auch bestehende PLM Systeme, wie Agile e6, k\u00f6nnen einfach mit den neuen Cloud Applikationen verbunden werden. Die ICP Solution hat diese Integrationen auf Basis von Webservices erstellt.<\/p>\n<p style=\"text-align: center;\">Informationen zu den einzelnen Cloud L\u00f6sungen finden sie unter den jeweiligen Buttons:<\/p>\n<p>\u200b<\/p>\n<p>\u200b<\/p>\n<p>\u200b<\/p>\n<table>\n<tbody>\n<tr>\n<td style=\"width: 10%;\"><\/td>\n<td style=\"width: 16%;\"><a href=\"\/innovation-management\"><img loading=\"lazy\" decoding=\"async\" class=\"aligncenter wp-image-2231 \" src=\"https:\/\/www.icpsolution.com\/wp-content\/uploads\/2018\/02\/IM_Button_200-150x150.png\" alt=\"\" width=\"75\" height=\"75\" srcset=\"https:\/\/www.icpsolution.com\/wp-content\/uploads\/2018\/02\/IM_Button_200-150x150.png 150w, https:\/\/www.icpsolution.com\/wp-content\/uploads\/2018\/02\/IM_Button_200.png 200w\" sizes=\"auto, (max-width: 75px) 100vw, 75px\" \/><\/a><\/td>\n<td style=\"width: 16%;\"><a href=\"\/project-management-cloud\"><img loading=\"lazy\" decoding=\"async\" class=\"aligncenter wp-image-2232\" src=\"https:\/\/www.icpsolution.com\/wp-content\/uploads\/2018\/02\/PM_Button_200.png\" alt=\"\" width=\"75\" height=\"75\" srcset=\"https:\/\/www.icpsolution.com\/wp-content\/uploads\/2018\/02\/PM_Button_200.png 200w, https:\/\/www.icpsolution.com\/wp-content\/uploads\/2018\/02\/PM_Button_200-150x150.png 150w\" sizes=\"auto, (max-width: 75px) 100vw, 75px\" \/><\/a><\/td>\n<td style=\"width: 16%;\"><a href=\"\/product-development\"><img loading=\"lazy\" decoding=\"async\" class=\"aligncenter wp-image-2233\" src=\"https:\/\/www.icpsolution.com\/wp-content\/uploads\/2018\/02\/PD_Button_200.png\" alt=\"\" width=\"75\" height=\"75\" srcset=\"https:\/\/www.icpsolution.com\/wp-content\/uploads\/2018\/02\/PD_Button_200.png 200w, https:\/\/www.icpsolution.com\/wp-content\/uploads\/2018\/02\/PD_Button_200-150x150.png 150w\" sizes=\"auto, (max-width: 75px) 100vw, 75px\" \/><\/a><\/td>\n<td style=\"width: 16%;\"><a href=\"\/quality-management\"><img loading=\"lazy\" decoding=\"async\" class=\"aligncenter wp-image-2235\" src=\"https:\/\/www.icpsolution.com\/wp-content\/uploads\/2018\/02\/QM_Button_200.png\" alt=\"\" width=\"75\" height=\"75\" srcset=\"https:\/\/www.icpsolution.com\/wp-content\/uploads\/2018\/02\/QM_Button_200.png 200w, https:\/\/www.icpsolution.com\/wp-content\/uploads\/2018\/02\/QM_Button_200-150x150.png 150w\" sizes=\"auto, (max-width: 75px) 100vw, 75px\" \/><\/a><\/td>\n<td style=\"width: 16%;\"><a href=\"\/product-hub-cloud\"><img loading=\"lazy\" decoding=\"async\" class=\"aligncenter wp-image-2234\" src=\"https:\/\/www.icpsolution.com\/wp-content\/uploads\/2018\/02\/PH_Button_200.png\" alt=\"\" width=\"75\" height=\"75\" srcset=\"https:\/\/www.icpsolution.com\/wp-content\/uploads\/2018\/02\/PH_Button_200.png 200w, https:\/\/www.icpsolution.com\/wp-content\/uploads\/2018\/02\/PH_Button_200-150x150.png 150w\" sizes=\"auto, (max-width: 75px) 100vw, 75px\" \/><\/a><\/td>\n<td style=\"width: 10%;\"><\/td>\n<\/tr>\n<\/tbody>\n<\/table>\n<p><\/p>\n","protected":false},"excerpt":{"rendered":"<p>Mit den Applikationen der Oracle Supply Chain Cloud k\u00f6nnen die Funktionen eines modernes PLM-Systems erstellt werden. Die Produktwertsch\u00f6pfungskette erstreckt sich von der schnellen Innovation \u00fcber die Entwicklung bis zur Vermarktung. Auch bestehende PLM Systeme, wie Agile e6, k\u00f6nnen einfach mit den neuen Cloud Applikationen verbunden werden. Die ICP Solution hat diese Integrationen auf Basis von [&hellip;]<\/p>\n","protected":false},"author":11,"featured_media":0,"parent":0,"menu_order":0,"comment_status":"closed","ping_status":"closed","template":"","meta":{"footnotes":""},"class_list":["post-1995","page","type-page","status-publish","hentry","language-de"],"_links":{"self":[{"href":"https:\/\/www.icpsolution.com\/index.php?rest_route=\/wp\/v2\/pages\/1995","targetHints":{"allow":["GET"]}}],"collection":[{"href":"https:\/\/www.icpsolution.com\/index.php?rest_route=\/wp\/v2\/pages"}],"about":[{"href":"https:\/\/www.icpsolution.com\/index.php?rest_route=\/wp\/v2\/types\/page"}],"author":[{"embeddable":true,"href":"https:\/\/www.icpsolution.com\/index.php?rest_route=\/wp\/v2\/users\/11"}],"replies":[{"embeddable":true,"href":"https:\/\/www.icpsolution.com\/index.php?rest_route=%2Fwp%2Fv2%2Fcomments&post=1995"}],"version-history":[{"count":29,"href":"https:\/\/www.icpsolution.com\/index.php?rest_route=\/wp\/v2\/pages\/1995\/revisions"}],"predecessor-version":[{"id":2651,"href":"https:\/\/www.icpsolution.com\/index.php?rest_route=\/wp\/v2\/pages\/1995\/revisions\/2651"}],"wp:attachment":[{"href":"https:\/\/www.icpsolution.com\/index.php?rest_route=%2Fwp%2Fv2%2Fmedia&parent=1995"}],"curies":[{"name":"wp","href":"https:\/\/api.w.org\/{rel}","templated":true}]}}