{"id":193,"date":"2014-05-16T15:30:18","date_gmt":"2014-05-16T13:30:18","guid":{"rendered":"http:\/\/www.icpsolution.com\/?page_id=193"},"modified":"2014-05-16T15:31:59","modified_gmt":"2014-05-16T13:31:59","slug":"integrationen","status":"publish","type":"page","link":"https:\/\/www.icpsolution.com\/?page_id=193","title":{"rendered":"Integrationen"},"content":{"rendered":"<p><strong>Integrationen und Schnittstellen<\/strong><\/p>\n<p>\u201eAgile PLM for Industrial Manufacturing\u201c unterst\u00fctzt die Integration verschiedenster CAD Anwendungen (CAD f\u00fcr Mechanik, Elektrik und Elektronik) und Autorentools in das PLM System. Kunden k\u00f6nnen verschiedene CAD Werkzeuge im Unternehmen einsetzen und gleichzeitig die Anwendung eines einheitlichen PLM Systems vorantreiben. <\/p>\n<p>Die Integration mit dem AutoVue Viewer unterst\u00fctzt neben dem Betrachten unterschiedlichster Dateiformate auch die Erstellung von \u00c4nderungskommentaren\/Markups.  <\/p>\n<p>Neben den Integrationen zu CAD Systemen stehen Integrationen im Bereich Software und Firmware, Schnittstellen zu MS-Office und Desktop Publishing Systemen sowie zu ERP Systemen zur Verf\u00fcgung. <\/p>\n<p><a href=\"\/wp-content\/uploads\/2014\/05\/Integrationen.jpg\"><img loading=\"lazy\" decoding=\"async\" src=\"\/wp-content\/uploads\/2014\/05\/Integrationen.jpg\" alt=\"Integrationen\" width=\"800\" height=\"593\" class=\"alignnone size-full wp-image-195\" \/><\/a><\/p>\n","protected":false},"excerpt":{"rendered":"<p>Integrationen und Schnittstellen \u201eAgile PLM for Industrial Manufacturing\u201c unterst\u00fctzt die Integration verschiedenster CAD Anwendungen (CAD f\u00fcr Mechanik, Elektrik und Elektronik) und Autorentools in das PLM System. Kunden k\u00f6nnen verschiedene CAD Werkzeuge im Unternehmen einsetzen und gleichzeitig die Anwendung eines einheitlichen PLM Systems vorantreiben. Die Integration mit dem AutoVue Viewer unterst\u00fctzt neben dem Betrachten unterschiedlichster Dateiformate [&hellip;]<\/p>\n","protected":false},"author":9,"featured_media":0,"parent":9,"menu_order":2,"comment_status":"closed","ping_status":"closed","template":"","meta":{"footnotes":""},"class_list":["post-193","page","type-page","status-publish","hentry","language-de"],"_links":{"self":[{"href":"https:\/\/www.icpsolution.com\/index.php?rest_route=\/wp\/v2\/pages\/193","targetHints":{"allow":["GET"]}}],"collection":[{"href":"https:\/\/www.icpsolution.com\/index.php?rest_route=\/wp\/v2\/pages"}],"about":[{"href":"https:\/\/www.icpsolution.com\/index.php?rest_route=\/wp\/v2\/types\/page"}],"author":[{"embeddable":true,"href":"https:\/\/www.icpsolution.com\/index.php?rest_route=\/wp\/v2\/users\/9"}],"replies":[{"embeddable":true,"href":"https:\/\/www.icpsolution.com\/index.php?rest_route=%2Fwp%2Fv2%2Fcomments&post=193"}],"version-history":[{"count":2,"href":"https:\/\/www.icpsolution.com\/index.php?rest_route=\/wp\/v2\/pages\/193\/revisions"}],"predecessor-version":[{"id":196,"href":"https:\/\/www.icpsolution.com\/index.php?rest_route=\/wp\/v2\/pages\/193\/revisions\/196"}],"up":[{"embeddable":true,"href":"https:\/\/www.icpsolution.com\/index.php?rest_route=\/wp\/v2\/pages\/9"}],"wp:attachment":[{"href":"https:\/\/www.icpsolution.com\/index.php?rest_route=%2Fwp%2Fv2%2Fmedia&parent=193"}],"curies":[{"name":"wp","href":"https:\/\/api.w.org\/{rel}","templated":true}]}}