{"id":1885,"date":"2016-12-14T12:12:35","date_gmt":"2016-12-14T11:12:35","guid":{"rendered":"http:\/\/www.icpsolution.com\/?page_id=1885"},"modified":"2020-09-23T11:55:56","modified_gmt":"2020-09-23T10:55:56","slug":"soziales-engagement","status":"publish","type":"page","link":"https:\/\/www.icpsolution.com\/?page_id=1885","title":{"rendered":"Soziales Engagement"},"content":{"rendered":"<p>Wie bereits in den vergangenen Jahren verzichten wir auch in diesem Jahr auf Weihnachtsgeschenke und unterst\u00fctzen ein Projekt, in dem finanzielle Mittel dringend gebraucht werden.<\/p>\n<p>Unsere Spende geht an das Hope Community Center Projekt im Dorf Kakindu in Uganda\/Afrika, wo mit der finanziellen Hilfe ein <a href=\"https:\/\/www.icpsolution.com\/wp-content\/uploads\/2016\/12\/Sozial1.png\"><img loading=\"lazy\" decoding=\"async\" class=\"wp-image-1886 alignright\" src=\"https:\/\/www.icpsolution.com\/wp-content\/uploads\/2016\/12\/Sozial1-279x300.png\" alt=\"sozial1\" width=\"206\" height=\"222\" srcset=\"https:\/\/www.icpsolution.com\/wp-content\/uploads\/2016\/12\/Sozial1-279x300.png 279w, https:\/\/www.icpsolution.com\/wp-content\/uploads\/2016\/12\/Sozial1.png 281w\" sizes=\"auto, (max-width: 206px) 100vw, 206px\" \/><\/a>Community Center mit Grundschule und im weiteren Verlauf auch ein Krankenhaus errichtet werden sollen.<\/p>\n<p>Im Rahmen ihres Internationalen Freiwilligendienstes lebt die Tochter unseres Mitarbeiters Torsten Gerlach derzeit in Uganda und unterst\u00fctzt dort die lokale Hilfsorganisation <strong>Reach Young People<\/strong> bei ihrer t\u00e4glichen Arbeit. Mit ihr haben wir direkten Kontakt in das Hilfsprojekt und wissen, dass die Unterst\u00fctzung auch zu 100% ankommt.<\/p>\n<p>Das Hope Community Center (HCC) soll eine Mehrzweckeinrichtung f\u00fcr Zusammenk\u00fcnfte und Gemeinschaft werden. Man m\u00f6chte eine Grundschule, eine Klinik sowie eine Frischwasserquelle f\u00fcr das Gel\u00e4nde und alle Dorfbewohner entstehen lassen. Die Mission des HCC ist es, Menschen Hoffnung zu geben und sie zu bef\u00e4higen, einen Sinn f\u00fcr ihr Leben zu finden. Als erstes soll die \u201ePrimary School\u201c (Grundschule mit Klassen 1-7) und eine \u201eLeadership Academy\u201c entstehen.<\/p>\n<p>Im April 2015 bekam die Organisation das ein Hektar gro\u00dfe Landst\u00fcck geschenkt, mit der jetzigen \u201eSchule\u201c in der Mitte.<\/p>\n<p><a href=\"https:\/\/www.icpsolution.com\/wp-content\/uploads\/2020\/08\/SozialesE.001.jpeg\"><img loading=\"lazy\" decoding=\"async\" class=\"alignnone size-full wp-image-2554\" src=\"https:\/\/www.icpsolution.com\/wp-content\/uploads\/2020\/08\/SozialesE.001.jpeg\" alt=\"\" width=\"1500\" height=\"370\" srcset=\"https:\/\/www.icpsolution.com\/wp-content\/uploads\/2020\/08\/SozialesE.001.jpeg 1500w, https:\/\/www.icpsolution.com\/wp-content\/uploads\/2020\/08\/SozialesE.001-300x74.jpeg 300w, https:\/\/www.icpsolution.com\/wp-content\/uploads\/2020\/08\/SozialesE.001-1024x253.jpeg 1024w, https:\/\/www.icpsolution.com\/wp-content\/uploads\/2020\/08\/SozialesE.001-768x189.jpeg 768w\" sizes=\"auto, (max-width: 1500px) 100vw, 1500px\" \/><\/a><\/p>\n<p>Als ICP Solution sind wir sicher, dass wir mit unserer Spende den Menschen in dem kleinen ugandischen Dorf Kakindu weiterhelfen und vor allem den Kindern einen Schulbesuch erm\u00f6glichen k\u00f6nnen.<\/p>\n<p><strong>Update aus Kakindu:<\/strong><\/p>\n<p>Am 03. Januar 2017 wurde mit dem Bau der Schule in Kakindu, Uganda begonnen. Es werden 4 Klassenr\u00e4ume f\u00fcr ca. 30-35 Sch\u00fcler pro Klasse entstehen.&nbsp;Als ICP Solution freut es uns, dass die Spendengelder schnell an ihrem Bestimmungsort eingesetzt werden.&nbsp;So k\u00f6nnen schon bald die ersten Kinder in ihrer neuen Schule den Unterricht genie\u00dfen.<\/p>\n<div><a href=\"https:\/\/www.icpsolution.com\/wp-content\/uploads\/2020\/08\/SozialesEng2.001.jpeg\"><img loading=\"lazy\" decoding=\"async\" class=\"alignnone size-full wp-image-2555\" src=\"https:\/\/www.icpsolution.com\/wp-content\/uploads\/2020\/08\/SozialesEng2.001.jpeg\" alt=\"\" width=\"1500\" height=\"370\" srcset=\"https:\/\/www.icpsolution.com\/wp-content\/uploads\/2020\/08\/SozialesEng2.001.jpeg 1500w, https:\/\/www.icpsolution.com\/wp-content\/uploads\/2020\/08\/SozialesEng2.001-300x74.jpeg 300w, https:\/\/www.icpsolution.com\/wp-content\/uploads\/2020\/08\/SozialesEng2.001-1024x253.jpeg 1024w, https:\/\/www.icpsolution.com\/wp-content\/uploads\/2020\/08\/SozialesEng2.001-768x189.jpeg 768w\" sizes=\"auto, (max-width: 1500px) 100vw, 1500px\" \/><\/a><\/div>\n<div><span style=\"font-family: Calibri, sans-serif; font-size: small;\">&nbsp;<\/span><\/div>\n<div>&nbsp;<\/div>\n<div><strong>2. Update aus Kakindu:&nbsp;<\/strong><\/div>\n<div>&nbsp;<\/div>\n<div>Der Schulbetrieb in Kakindu ist nach dem Neubau des Schulgeb\u00e4udes in 2017 angelaufen. Kinder und Lehrer sind stolz auf die R\u00e4umlichkeiten f\u00fcr den t\u00e4glichen Unterricht, denn ein ein Dach \u00fcber dem Kopf ist in Uganda nicht selbstverst\u00e4ndlich.<\/div>\n<div>&nbsp;<\/div>\n<div>Unser direkter Kontakt zum lokalen Projektleiter und die positive R\u00fcckmeldung \u00fcber das, was bisher erreicht wurde, haben uns als ICP Solution dazu veranlasst, auch in diesem Jahr einen Betrag zu spenden, um den weiteren Ausbau des Schulgeb\u00e4udes und einiger Nebengeb\u00e4ude voranzutreiben. Die Dankbarkeit der Menschen vor Ort gibt uns ein gutes Gef\u00fchl, mit unserem Beitrag das richtige Projekt zu unterst\u00fctzen.<\/div>\n<div>&nbsp;<\/div>\n<p><a href=\"https:\/\/www.icpsolution.com\/wp-content\/uploads\/2020\/09\/Update_Kakindu_2.jpeg\"><img loading=\"lazy\" decoding=\"async\" class=\"aligncenter wp-image-2070\" src=\"https:\/\/www.icpsolution.com\/wp-content\/uploads\/2020\/09\/Update_Kakindu_2-1024x253.jpeg\" alt=\"\" width=\"853\" height=\"210\"><\/a><\/p>\n<p><strong>3. Update aus Kakindu:&nbsp;<\/strong><\/p>\n<div>\n<p>Wie bereits in den vergangenen Jahren verzichten wir auch in diesem Jahr auf Weihnachtsgeschenke und unterst\u00fctzen Projekte, in denen finanzielle Mittel dringend gebraucht werden.<\/p>\n<p>Die erste H\u00e4lfte unserer diesj\u00e4hrigen Spende geht an das <strong>Hope Community Center<\/strong> Projekt im Dorf Kakindu in Uganda\/Afrika, wo mit der finanziellen Hilfe ein zweites Geb\u00e4ude f\u00fcr eine Primary School errichtet werden soll.<\/p>\n<p>Auch im letzten Jahr ging unsere Spende an die f\u00fcr den Bau verantwortliche lokale Hilfsorganisation <strong>Reach Young People Uganda<\/strong>, und wir freuen uns dar\u00fcber, dass im ersten fertiggestellten Bauabschnitt bereits die erste Klasse in diesem Jahr ihren P7 Abschluss machen durfte. Sch\u00fcler, Lehrer und Eltern sind stolz auf das, was bisher erreicht wurde.<\/p>\n<p><a href=\"https:\/\/www.icpsolution.com\/wp-content\/uploads\/2019\/02\/Kakindu3.001.png\"><img loading=\"lazy\" decoding=\"async\" class=\"alignnone size-full wp-image-2354\" src=\"https:\/\/www.icpsolution.com\/wp-content\/uploads\/2019\/02\/Kakindu3.001.png\" alt=\"\" width=\"1500\" height=\"370\" srcset=\"https:\/\/www.icpsolution.com\/wp-content\/uploads\/2019\/02\/Kakindu3.001.png 1500w, https:\/\/www.icpsolution.com\/wp-content\/uploads\/2019\/02\/Kakindu3.001-300x74.png 300w, https:\/\/www.icpsolution.com\/wp-content\/uploads\/2019\/02\/Kakindu3.001-768x189.png 768w, https:\/\/www.icpsolution.com\/wp-content\/uploads\/2019\/02\/Kakindu3.001-1024x253.png 1024w\" sizes=\"auto, (max-width: 1500px) 100vw, 1500px\" \/><\/a><\/p>\n<p><strong>Mobile Hilfe Madagaskar:<\/strong><\/p>\n<p>Mit der zweiten H\u00e4lfte unserer Spende unterst\u00fctzen wir das Projekt <strong>Mobile Hilfe Madagaskar<\/strong> unweit der Hauptstadt Antananarivo. Die Deutsche Tanja Hock, die in diesem Jahr bei einer Gala der Goldenen Bild der Frau auch den Leserpreis erhalten hat, gr\u00fcndete vor einigen Jahren eine Hebammenstation auf Madagaskar, ein Land mit unvorstellbarer Armut.<\/p>\n<p>Hier&nbsp;wird mit unserer Spende der Neubau eines dringend ben\u00f6tigten Krankenhauses unterst\u00fctzt, aber auch der Betrieb der bestehenden Hebammenstation sowie die Durchf\u00fchrung weiterer Aktionen wie z. B. ein Kidsclub f\u00fcr die Stra\u00dfenkinder.<\/p>\n<p><a href=\"https:\/\/www.icpsolution.com\/wp-content\/uploads\/2019\/02\/Madagaskar1.001.png\"><img loading=\"lazy\" decoding=\"async\" class=\"alignnone size-full wp-image-2355\" src=\"https:\/\/www.icpsolution.com\/wp-content\/uploads\/2019\/02\/Madagaskar1.001.png\" alt=\"\" width=\"1500\" height=\"370\" srcset=\"https:\/\/www.icpsolution.com\/wp-content\/uploads\/2019\/02\/Madagaskar1.001.png 1500w, https:\/\/www.icpsolution.com\/wp-content\/uploads\/2019\/02\/Madagaskar1.001-300x74.png 300w, https:\/\/www.icpsolution.com\/wp-content\/uploads\/2019\/02\/Madagaskar1.001-768x189.png 768w, https:\/\/www.icpsolution.com\/wp-content\/uploads\/2019\/02\/Madagaskar1.001-1024x253.png 1024w\" sizes=\"auto, (max-width: 1500px) 100vw, 1500px\" \/><\/a><\/p>\n<p>Durch pers\u00f6nliche Kontakte in die Projekte hinein sind wir als ICP Solution sicher, dass wir mit unseren Spenden den Menschen sowohl in dem kleinen ugandischen Dorf Kakindu als auch den schwangeren Frauen auf Madagaskar weiterhelfen k\u00f6nnen und dass die Spende auch zu 100% dort ankommt, wo sie gebraucht wird.<\/p>\n<\/div>\n<p>Weitergehende Informationen finden Sie unter folgenden Links:<\/p>\n<p><a href=\"https:\/\/www.reachyoungpeople.org\/\">https:\/\/www.reachyoungpeople.org\/<\/a><br \/>\n<a href=\"http:\/\/www.mobile-hilfe-madagaskar.de\/index.php\/en\/\">http:\/\/www.mobile-hilfe-madagaskar.de\/index.php\/en\/<\/a><\/p>\n","protected":false},"excerpt":{"rendered":"<p>Wie bereits in den vergangenen Jahren verzichten wir auch in diesem Jahr auf Weihnachtsgeschenke und unterst\u00fctzen ein Projekt, in dem finanzielle Mittel dringend gebraucht werden. Unsere Spende geht an das Hope Community Center Projekt im Dorf Kakindu in Uganda\/Afrika, wo mit der finanziellen Hilfe ein Community Center mit Grundschule und im weiteren Verlauf auch ein [&hellip;]<\/p>\n","protected":false},"author":12,"featured_media":0,"parent":0,"menu_order":0,"comment_status":"closed","ping_status":"closed","template":"","meta":{"footnotes":""},"class_list":["post-1885","page","type-page","status-publish","hentry","language-de"],"_links":{"self":[{"href":"https:\/\/www.icpsolution.com\/index.php?rest_route=\/wp\/v2\/pages\/1885","targetHints":{"allow":["GET"]}}],"collection":[{"href":"https:\/\/www.icpsolution.com\/index.php?rest_route=\/wp\/v2\/pages"}],"about":[{"href":"https:\/\/www.icpsolution.com\/index.php?rest_route=\/wp\/v2\/types\/page"}],"author":[{"embeddable":true,"href":"https:\/\/www.icpsolution.com\/index.php?rest_route=\/wp\/v2\/users\/12"}],"replies":[{"embeddable":true,"href":"https:\/\/www.icpsolution.com\/index.php?rest_route=%2Fwp%2Fv2%2Fcomments&post=1885"}],"version-history":[{"count":24,"href":"https:\/\/www.icpsolution.com\/index.php?rest_route=\/wp\/v2\/pages\/1885\/revisions"}],"predecessor-version":[{"id":2610,"href":"https:\/\/www.icpsolution.com\/index.php?rest_route=\/wp\/v2\/pages\/1885\/revisions\/2610"}],"wp:attachment":[{"href":"https:\/\/www.icpsolution.com\/index.php?rest_route=%2Fwp%2Fv2%2Fmedia&parent=1885"}],"curies":[{"name":"wp","href":"https:\/\/api.w.org\/{rel}","templated":true}]}}