{"id":188,"date":"2014-05-16T15:20:45","date_gmt":"2014-05-16T13:20:45","guid":{"rendered":"http:\/\/www.icpsolution.com\/?page_id=188"},"modified":"2020-09-23T12:38:17","modified_gmt":"2020-09-23T11:38:17","slug":"umfangreiches-aenderungswesen","status":"publish","type":"page","link":"https:\/\/www.icpsolution.com\/?page_id=188","title":{"rendered":"Umfangreiches \u00c4nderungswesen"},"content":{"rendered":"<p>Produktentwicklung ist durch \u00c4nderungen gepr\u00e4gt. Effiziente \u00c4nderungsprozesse, abgebildet in Workflows, sind daher ein wichtiger Faktor f\u00fcr erfolgreiche Entwicklungsteams. Mittels eines grafischen Workflow-Editors k\u00f6nnen Gesch\u00e4ftsprozesse unternehmensspezifisch oder basierend auf Standards wie etwa CMII erstellt und \u00fcberwacht werden.<br \/>\nMit Agile PLM for Industrial Manufacturing bekommen Sie vordefinierte \u00c4nderungsprozesse, die Sie einfach an Ihre Bed\u00fcrfnisse anpassen k\u00f6nnen. In einem Arbeitsschritt k\u00f6nnen Sie mit Hilfe einer Massen\u00e4nderung ein Bauteil in verschiedensten Bauk\u00e4sten austauschen. Dabei zeigt Ihnen die Auswirkungsanalyse an, auf welche (End-) Produkte die \u00c4nderungen durchschlagen.<br \/>\n<strong>Hier geht es zu den weiteren Modulen:<\/strong><\/p>\n<ul>\n<li><a title=\"Dokumentenmanagement\" href=\"\/?page_id=175\">Dokumentenmanagement<\/a><\/li>\n<li><a href=\"\/?page_id=181\">Produktdatenmanagement<\/a><\/li>\n<\/ul>\n<p><a href=\"https:\/\/www.icpsolution.com\/wp-content\/uploads\/2014\/05\/Agile_Anderungswesen.jpg\"><img loading=\"lazy\" decoding=\"async\" class=\"alignnone size-full wp-image-190\" src=\"https:\/\/www.icpsolution.com\/wp-content\/uploads\/2014\/05\/Agile_Anderungswesen.jpg\" alt=\"Agile_Anderungswesen\" width=\"800\" height=\"415\"><\/a><\/p>\n","protected":false},"excerpt":{"rendered":"<p>Produktentwicklung ist durch \u00c4nderungen gepr\u00e4gt. Effiziente \u00c4nderungsprozesse, abgebildet in Workflows, sind daher ein wichtiger Faktor f\u00fcr erfolgreiche Entwicklungsteams. Mittels eines grafischen Workflow-Editors k\u00f6nnen Gesch\u00e4ftsprozesse unternehmensspezifisch oder basierend auf Standards wie etwa CMII erstellt und \u00fcberwacht werden. Mit Agile PLM for Industrial Manufacturing bekommen Sie vordefinierte \u00c4nderungsprozesse, die Sie einfach an Ihre Bed\u00fcrfnisse anpassen k\u00f6nnen. In [&hellip;]<\/p>\n","protected":false},"author":9,"featured_media":0,"parent":154,"menu_order":3,"comment_status":"closed","ping_status":"closed","template":"","meta":{"footnotes":""},"class_list":["post-188","page","type-page","status-publish","hentry","language-de"],"_links":{"self":[{"href":"https:\/\/www.icpsolution.com\/index.php?rest_route=\/wp\/v2\/pages\/188","targetHints":{"allow":["GET"]}}],"collection":[{"href":"https:\/\/www.icpsolution.com\/index.php?rest_route=\/wp\/v2\/pages"}],"about":[{"href":"https:\/\/www.icpsolution.com\/index.php?rest_route=\/wp\/v2\/types\/page"}],"author":[{"embeddable":true,"href":"https:\/\/www.icpsolution.com\/index.php?rest_route=\/wp\/v2\/users\/9"}],"replies":[{"embeddable":true,"href":"https:\/\/www.icpsolution.com\/index.php?rest_route=%2Fwp%2Fv2%2Fcomments&post=188"}],"version-history":[{"count":7,"href":"https:\/\/www.icpsolution.com\/index.php?rest_route=\/wp\/v2\/pages\/188\/revisions"}],"predecessor-version":[{"id":2686,"href":"https:\/\/www.icpsolution.com\/index.php?rest_route=\/wp\/v2\/pages\/188\/revisions\/2686"}],"up":[{"embeddable":true,"href":"https:\/\/www.icpsolution.com\/index.php?rest_route=\/wp\/v2\/pages\/154"}],"wp:attachment":[{"href":"https:\/\/www.icpsolution.com\/index.php?rest_route=%2Fwp%2Fv2%2Fmedia&parent=188"}],"curies":[{"name":"wp","href":"https:\/\/api.w.org\/{rel}","templated":true}]}}