{"id":181,"date":"2014-05-16T15:12:53","date_gmt":"2014-05-16T13:12:53","guid":{"rendered":"http:\/\/www.icpsolution.com\/?page_id=181"},"modified":"2020-09-23T12:34:56","modified_gmt":"2020-09-23T11:34:56","slug":"produktdatenmanagement","status":"publish","type":"page","link":"https:\/\/www.icpsolution.com\/?page_id=181","title":{"rendered":"Produktdatenmanagement"},"content":{"rendered":"<p>Das Produktdatenmanagement erweitert Agile PLM for Industrial Manufacturing zu einer L\u00f6sung f\u00fcr die vollst\u00e4ndige, abgesicherte und eindeutige Verwaltung der Produktdefinition. Technische Informationen \u00fcber Projekte, Artikel und St\u00fccklisten bilden den Schwerpunkt. Alle technischen Informationen \u2013 vom Entwurfskonzept bis zum fertigen Produkt \u2013 stehen damit konsistent und zentral zur Verf\u00fcgung.<\/p>\n<p>Die einzelnen St\u00fccklisten-Artikel und die Struktur werden mithilfe einfacher Formulare und Drag-and-Drop erzeugt oder automatisch durch Einbindung von Autoren-Tools (CAD) eingef\u00fcgt.<\/p>\n<p><a href=\"https:\/\/www.icpsolution.com\/wp-content\/uploads\/2014\/05\/Agile_Produktdatenmanagement1.jpg\"><img loading=\"lazy\" decoding=\"async\" class=\"alignnone size-full wp-image-183\" src=\"https:\/\/www.icpsolution.com\/wp-content\/uploads\/2014\/05\/Agile_Produktdatenmanagement1.jpg\" alt=\"Agile_Produktdatenmanagement1\" width=\"800\" height=\"633\" \/><\/a><\/p>\n<p>Mit flexibler Kopierfunktion k\u00f6nnen komplexe Produktstrukturen dupliziert und neue Teile- oder Versionsnummern zugewiesen werden. Grundlegende Attribut-Definitionen und Abfragefunktionen k\u00f6nnen durch Klassifikationen erweitert werden. Statusverwaltung, wie etwa Versionskontrolle und Verwaltung der Freigaben, werden \u00fcber Freigabeabl\u00e4ufe bereitgestellt. Kontextansichten erm\u00f6glichen die Darstellung der Produktstruktur aus Sicht z. B. der Konstruktion oder Fertigung.<\/p>\n<p>Leistungsf\u00e4hige St\u00fccklistenvergleiche erm\u00f6glichen eine Analyse der Unterschiede zwischen zwei Versionen derselben St\u00fcckliste oder zwischen zwei verschiedenen St\u00fccklisten.<br \/>\nDie Einbindung von geometriemerkmalsbasierter Gleichteilsuche im integrierten Entwicklungsprozess erm\u00f6glicht die Effektivierung und Wiedernutzung in der Komponentenentwicklung.<\/p>\n<p>Variantenst\u00fccklisten bieten die M\u00f6glichkeit, unterschiedliche Produktvarianten in derselben St\u00fcckliste zu verwalten, die nach bestimmten Konfigurationsregeln auftragsspezifisch verarbeitet werden. Zus\u00e4tzlich wird auf allen St\u00fcckliste-Ebenen die Alternativ-, Ersatz- und optionale Teile-Funktion unterst\u00fctzt.<\/p>\n<p>Die neutrale Erzeugnisstruktur dient als Vorlage f\u00fcr den Aufbau von St\u00fccklisten. Vorgaben hinsichtlich Muss\/Kann-Teilen sowie deren Eigenschaften lassen sich darin vordefinieren. Pr\u00fcfroutinen stellen sicher, dass St\u00fccklisten konform zu den Vorgaben erstellt werden.<\/p>\n<p>Das Projektmanagement umfasst die Funktionen zur Verwaltung von Projekten und Projektstrukturen. Diese Strukturen k\u00f6nnen horizontal oder vertikal beliebig verfeinert werden. Mit der Zuordnung eines Mitarbeiters zu Projekten wird auch die Funktion des Mitarbeiters im Projekt definiert.<\/p>\n<p>Die Erstellung und Verwaltung eines hierarchischen Klassifikationssystems ist f\u00fcr die meisten mit Agile PLM for Industrial Manufacturing verwalteten Objekte wie Normteile, Standardteile, Baugruppen, Dokumente und Projekte m\u00f6glich. Objekte k\u00f6nnen gleichzeitig mehreren Klassifikationen zugeordnet sein. Zur Vereinfachung bei der Klassifikationserstellung k\u00f6nnen Attribute und andere Klassen vererbt werden.<\/p>\n<p><strong>Hier geht es zu den weiteren Modulen:<\/strong><\/p>\n<ul>\n<li><a title=\"Dokumentenmanagement\" href=\"\/?page_id=175\">Dokumentenmanagement<\/a><\/li>\n<li><a href=\"\/?page_id=188\">Umfangreiches \u00c4nderungswesen<\/a><\/li>\n<\/ul>\n<p><a href=\"https:\/\/www.icpsolution.com\/wp-content\/uploads\/2014\/05\/Agile_Produktdatenmanagement2.jpg\"><img loading=\"lazy\" decoding=\"async\" class=\"alignnone size-full wp-image-184\" src=\"https:\/\/www.icpsolution.com\/wp-content\/uploads\/2014\/05\/Agile_Produktdatenmanagement2.jpg\" alt=\"Agile_Produktdatenmanagement2\" width=\"800\" height=\"633\" \/><\/a><\/p>\n","protected":false},"excerpt":{"rendered":"<p>Das Produktdatenmanagement erweitert Agile PLM for Industrial Manufacturing zu einer L\u00f6sung f\u00fcr die vollst\u00e4ndige, abgesicherte und eindeutige Verwaltung der Produktdefinition. Technische Informationen \u00fcber Projekte, Artikel und St\u00fccklisten bilden den Schwerpunkt. Alle technischen Informationen \u2013 vom Entwurfskonzept bis zum fertigen Produkt \u2013 stehen damit konsistent und zentral zur Verf\u00fcgung. Die einzelnen St\u00fccklisten-Artikel und die Struktur werden [&hellip;]<\/p>\n","protected":false},"author":9,"featured_media":0,"parent":154,"menu_order":2,"comment_status":"closed","ping_status":"closed","template":"","meta":{"footnotes":""},"class_list":["post-181","page","type-page","status-publish","hentry","language-de"],"_links":{"self":[{"href":"https:\/\/www.icpsolution.com\/index.php?rest_route=\/wp\/v2\/pages\/181","targetHints":{"allow":["GET"]}}],"collection":[{"href":"https:\/\/www.icpsolution.com\/index.php?rest_route=\/wp\/v2\/pages"}],"about":[{"href":"https:\/\/www.icpsolution.com\/index.php?rest_route=\/wp\/v2\/types\/page"}],"author":[{"embeddable":true,"href":"https:\/\/www.icpsolution.com\/index.php?rest_route=\/wp\/v2\/users\/9"}],"replies":[{"embeddable":true,"href":"https:\/\/www.icpsolution.com\/index.php?rest_route=%2Fwp%2Fv2%2Fcomments&post=181"}],"version-history":[{"count":8,"href":"https:\/\/www.icpsolution.com\/index.php?rest_route=\/wp\/v2\/pages\/181\/revisions"}],"predecessor-version":[{"id":2675,"href":"https:\/\/www.icpsolution.com\/index.php?rest_route=\/wp\/v2\/pages\/181\/revisions\/2675"}],"up":[{"embeddable":true,"href":"https:\/\/www.icpsolution.com\/index.php?rest_route=\/wp\/v2\/pages\/154"}],"wp:attachment":[{"href":"https:\/\/www.icpsolution.com\/index.php?rest_route=%2Fwp%2Fv2%2Fmedia&parent=181"}],"curies":[{"name":"wp","href":"https:\/\/api.w.org\/{rel}","templated":true}]}}