{"id":117,"date":"2014-05-16T11:24:52","date_gmt":"2014-05-16T09:24:52","guid":{"rendered":"http:\/\/www.icpsolution.com\/?page_id=117"},"modified":"2014-06-19T16:54:52","modified_gmt":"2014-06-19T14:54:52","slug":"unser-konzept","status":"publish","type":"page","link":"https:\/\/www.icpsolution.com\/?page_id=117","title":{"rendered":"Unser Konzept"},"content":{"rendered":"<p>Die ICP Solution agiert als &#8222;One-Stop-Shop&#8220; f\u00fcr Product Lifecycle Management\u00a0mit Oracle&#8217;s Agile PLM (e6). Dies bedeutet, dass sie eine ganzheitliche PLM-L\u00f6sung aus einer Hand bekommen. Die ICP Solution f\u00fcgt die einzelnen PLM-Komponenten\u00a0zu einer umf\u00e4nglichen PLM-L\u00f6sung zusammen.<\/p>\n<p>Die Mitarbeiter der ICP Solution unterst\u00fctzen Sie in allen Aufgabenstellungen von PLM. Ob Sie:<\/p>\n<table>\n<tr>\n<td style=\"width:25%\">\n<ul>\n<li>Ihre Prozesse optimieren wollen<\/li>\n<li>PLM zur Unterst\u00fctzung Ihrer Prozesse einf\u00fchren wollen<\/li>\n<li>als bestehender Anwender weitere Lizenzen ben\u00f6tigen<\/li>\n<li>ein Plot-System einbinden wollen<\/li>\n<li>Ihr ERP System integrieren sollten<\/li>\n<li>Ihr PDM zu PLM Mechatronik ausbauen wollen<\/li>\n<li>neue Standorte anbinden wollen<\/li>\n<li>Fragen zum Wartungsvertrag haben<\/li>\n<li>eine spezielle Schulung ben\u00f6tigen<\/li>\n<\/ul>\n<\/td>\n<td style=\"width:25%\" align=\"left\"><a href=\"\/wp-content\/uploads\/2014\/06\/Konzept.png\"><img decoding=\"async\" src=\"\/wp-content\/uploads\/2014\/06\/Konzept.png\" width=\"375px\"><\/a><\/td>\n<\/tr>\n<\/table>\n<p>F\u00fcr alle diese und weitere Themen sind Sie bei der ICP Solution genau richtig. Wenn es um PLM geht, sind wir Ihr Ansprechpartner.<\/p>\n","protected":false},"excerpt":{"rendered":"<p>Die ICP Solution agiert als &#8222;One-Stop-Shop&#8220; f\u00fcr Product Lifecycle Management\u00a0mit Oracle&#8217;s Agile PLM (e6). Dies bedeutet, dass sie eine ganzheitliche PLM-L\u00f6sung aus einer Hand bekommen. Die ICP Solution f\u00fcgt die einzelnen PLM-Komponenten\u00a0zu einer umf\u00e4nglichen PLM-L\u00f6sung zusammen. Die Mitarbeiter der ICP Solution unterst\u00fctzen Sie in allen Aufgabenstellungen von PLM. Ob Sie: Ihre Prozesse optimieren wollen PLM [&hellip;]<\/p>\n","protected":false},"author":9,"featured_media":0,"parent":11,"menu_order":2,"comment_status":"closed","ping_status":"closed","template":"","meta":{"footnotes":""},"class_list":["post-117","page","type-page","status-publish","hentry","language-de"],"_links":{"self":[{"href":"https:\/\/www.icpsolution.com\/index.php?rest_route=\/wp\/v2\/pages\/117","targetHints":{"allow":["GET"]}}],"collection":[{"href":"https:\/\/www.icpsolution.com\/index.php?rest_route=\/wp\/v2\/pages"}],"about":[{"href":"https:\/\/www.icpsolution.com\/index.php?rest_route=\/wp\/v2\/types\/page"}],"author":[{"embeddable":true,"href":"https:\/\/www.icpsolution.com\/index.php?rest_route=\/wp\/v2\/users\/9"}],"replies":[{"embeddable":true,"href":"https:\/\/www.icpsolution.com\/index.php?rest_route=%2Fwp%2Fv2%2Fcomments&post=117"}],"version-history":[{"count":19,"href":"https:\/\/www.icpsolution.com\/index.php?rest_route=\/wp\/v2\/pages\/117\/revisions"}],"predecessor-version":[{"id":669,"href":"https:\/\/www.icpsolution.com\/index.php?rest_route=\/wp\/v2\/pages\/117\/revisions\/669"}],"up":[{"embeddable":true,"href":"https:\/\/www.icpsolution.com\/index.php?rest_route=\/wp\/v2\/pages\/11"}],"wp:attachment":[{"href":"https:\/\/www.icpsolution.com\/index.php?rest_route=%2Fwp%2Fv2%2Fmedia&parent=117"}],"curies":[{"name":"wp","href":"https:\/\/api.w.org\/{rel}","templated":true}]}}