{"id":1131,"date":"2015-01-21T13:00:07","date_gmt":"2015-01-21T11:00:07","guid":{"rendered":"http:\/\/www.icpsolution.com\/?page_id=1131"},"modified":"2020-09-23T11:27:20","modified_gmt":"2020-09-23T10:27:20","slug":"innovation-management","status":"publish","type":"page","link":"https:\/\/www.icpsolution.com\/?page_id=1131","title":{"rendered":"Innovation Management"},"content":{"rendered":"<p><strong>Innovation<\/strong><\/p>\n<p>Innovation ist eine der wichtigsten Aufgaben von entwicklungsgetriebenen Unternehmen. Nur durch Innovative Produkte, seien sie revolution\u00e4r oder auch evolution\u00e4r, k\u00f6nnen sich Unternehmen auf dem Markt entwickeln und behaupten.<\/p>\n<p>Dies zwingt sie immer mehr Ideen f\u00fcr k\u00fcnftige Produkte zu betrachten und zu bewerten. Dies erfolgt in vielen Unternehmen selten prozessgesteuert oder IT-unterst\u00fctzt. Die steigende Anzahl von den zu betrachteten Ideen macht es mittlerweile unm\u00f6glich dies mit den urspr\u00fcnglichen Methoden noch zu beherrschen. Mit Oracle\u2019s Innovation Management steht eine moderne L\u00f6sung zur Beherrschung des gesamten Innovationsprozesses zur Verf\u00fcgung.<\/p>\n<p><img loading=\"lazy\" decoding=\"async\" class=\"aligncenter size-large wp-image-2152\" src=\"https:\/\/www.icpsolution.com\/wp-content\/uploads\/2018\/02\/IM-1024x586.png\" alt=\"\" width=\"600\" height=\"330\" \/><\/p>\n<p><strong>Innovation Management<\/strong><\/p>\n<p>Oracle Innovation Management in der Cloud erm\u00f6glicht durch einen geregelten Prozess die Auswahl und Umsetzung der besten Ideen und Erfindungen in profitable Kundenangebote.\u00a0Oracle Innovation Management gew\u00e4hrt eine 360\u00b0 Sicht auf jedes potenzielles Investment.<\/p>\n<p>Der Prozess in Oracle\u2018s Innovation Management beinhaltet die folgenden Schritte:<br \/>\n\u2022 Ideen sammeln und priorisieren<br \/>\n\u2022 Einleiten von Produktvorschl\u00e4gen<br \/>\n\u2022 Portfolio Szenarien erstellen<br \/>\n\u2022 Anforderungen verwalten<br \/>\n\u2022 Konzepte verwalten<br \/>\n\u2022 Konzept\u00fcbergabe an die Produktentwicklung<\/p>\n<p>Mit der \u00dcbergabe von fertigen Innovationsprodukten an die Produktentwicklung k\u00f6nnen die gesammelten Daten und Strukturen an PLM \u00fcbergeben werden. So kann auf den bereits gesammelten Informationen aufgebaut werden und es ist ein reibungsloser \u00dcbergang gew\u00e4hrleistet.<\/p>\n<p>Diese umfangreiche L\u00f6sung wird als als attraktive Cloud L\u00f6sung angeboten. Mit einem einfachen Abonnement-Modell kann sofort gestartet werden. Alle Daten sind sicher in einem deutschen Datacentern gehostet.<\/p>\n<p style=\"text-align: center;\"><strong>Schaubild des Entwicklungsprozesses im Zusammenspiel von PLM, Innovation Management und Project Management:<\/strong><\/p>\n<p><img loading=\"lazy\" decoding=\"async\" class=\"aligncenter size-full wp-image-2252\" src=\"https:\/\/www.icpsolution.com\/wp-content\/uploads\/2018\/03\/Funnel_IM.png\" alt=\"\" width=\"600\" height=\"306\" srcset=\"https:\/\/www.icpsolution.com\/wp-content\/uploads\/2018\/03\/Funnel_IM.png 600w, https:\/\/www.icpsolution.com\/wp-content\/uploads\/2018\/03\/Funnel_IM-300x153.png 300w\" sizes=\"auto, (max-width: 600px) 100vw, 600px\" \/><\/p>\n","protected":false},"excerpt":{"rendered":"<p>Innovation Innovation ist eine der wichtigsten Aufgaben von entwicklungsgetriebenen Unternehmen. Nur durch Innovative Produkte, seien sie revolution\u00e4r oder auch evolution\u00e4r, k\u00f6nnen sich Unternehmen auf dem Markt entwickeln und behaupten. Dies zwingt sie immer mehr Ideen f\u00fcr k\u00fcnftige Produkte zu betrachten und zu bewerten. Dies erfolgt in vielen Unternehmen selten prozessgesteuert oder IT-unterst\u00fctzt. Die steigende Anzahl [&hellip;]<\/p>\n","protected":false},"author":11,"featured_media":0,"parent":0,"menu_order":0,"comment_status":"closed","ping_status":"closed","template":"","meta":{"footnotes":""},"class_list":["post-1131","page","type-page","status-publish","hentry","language-de"],"_links":{"self":[{"href":"https:\/\/www.icpsolution.com\/index.php?rest_route=\/wp\/v2\/pages\/1131","targetHints":{"allow":["GET"]}}],"collection":[{"href":"https:\/\/www.icpsolution.com\/index.php?rest_route=\/wp\/v2\/pages"}],"about":[{"href":"https:\/\/www.icpsolution.com\/index.php?rest_route=\/wp\/v2\/types\/page"}],"author":[{"embeddable":true,"href":"https:\/\/www.icpsolution.com\/index.php?rest_route=\/wp\/v2\/users\/11"}],"replies":[{"embeddable":true,"href":"https:\/\/www.icpsolution.com\/index.php?rest_route=%2Fwp%2Fv2%2Fcomments&post=1131"}],"version-history":[{"count":27,"href":"https:\/\/www.icpsolution.com\/index.php?rest_route=\/wp\/v2\/pages\/1131\/revisions"}],"predecessor-version":[{"id":2587,"href":"https:\/\/www.icpsolution.com\/index.php?rest_route=\/wp\/v2\/pages\/1131\/revisions\/2587"}],"wp:attachment":[{"href":"https:\/\/www.icpsolution.com\/index.php?rest_route=%2Fwp%2Fv2%2Fmedia&parent=1131"}],"curies":[{"name":"wp","href":"https:\/\/api.w.org\/{rel}","templated":true}]}}