{"id":111,"date":"2014-05-16T11:08:04","date_gmt":"2014-05-16T09:08:04","guid":{"rendered":"http:\/\/www.icpsolution.com\/?page_id=111"},"modified":"2019-03-17T19:26:58","modified_gmt":"2019-03-17T18:26:58","slug":"leistungsportfolio","status":"publish","type":"page","link":"https:\/\/www.icpsolution.com\/?page_id=111","title":{"rendered":"Leistungsportfolio"},"content":{"rendered":"<table>\n<tbody>\n<tr>\n<td style=\"width: 25%;\"><strong>Leistungsportfolio der ICP Solution GmbH<\/strong><\/p>\n<ul>\n<li>Individuelle PLM Einf\u00fchrungsberatung<\/li>\n<li>Lizenzverkauf der PLM-Applikation, von Integrationen und Add-Ons<\/li>\n<li>Implementieren der Oracle&#8217;s Agile PLM Software<\/li>\n<li>Anpassen der L\u00f6sung auf Ihre Prozesse<\/li>\n<li>Integrationen zu Ihren unternehmenskritischen Applikationen<\/li>\n<li>Unterst\u00fctzung vor Ort und remote<\/li>\n<li>First Level Support der gesamten PLM-L\u00f6sung<\/li>\n<li>Anbieten von Zusatzl\u00f6sungen innerhalb Oracle Accelerate<\/li>\n<\/ul>\n<\/td>\n<td style=\"width: 25%;\" align=\"left\"><a href=\"\/wp-content\/uploads\/2014\/06\/Leistungsportfolio.png\"><img decoding=\"async\" src=\"\/wp-content\/uploads\/2014\/06\/Leistungsportfolio.png\" width=\"350px\" \/><\/a><\/td>\n<\/tr>\n<\/tbody>\n<\/table>\n<p>&nbsp;<\/p>\n","protected":false},"excerpt":{"rendered":"<p>Leistungsportfolio der ICP Solution GmbH Individuelle PLM Einf\u00fchrungsberatung Lizenzverkauf der PLM-Applikation, von Integrationen und Add-Ons Implementieren der Oracle&#8217;s Agile PLM Software Anpassen der L\u00f6sung auf Ihre Prozesse Integrationen zu Ihren unternehmenskritischen Applikationen Unterst\u00fctzung vor Ort und remote First Level Support der gesamten PLM-L\u00f6sung Anbieten von Zusatzl\u00f6sungen innerhalb Oracle Accelerate &nbsp;<\/p>\n","protected":false},"author":9,"featured_media":0,"parent":11,"menu_order":0,"comment_status":"closed","ping_status":"closed","template":"","meta":{"footnotes":""},"class_list":["post-111","page","type-page","status-publish","hentry","language-de"],"_links":{"self":[{"href":"https:\/\/www.icpsolution.com\/index.php?rest_route=\/wp\/v2\/pages\/111","targetHints":{"allow":["GET"]}}],"collection":[{"href":"https:\/\/www.icpsolution.com\/index.php?rest_route=\/wp\/v2\/pages"}],"about":[{"href":"https:\/\/www.icpsolution.com\/index.php?rest_route=\/wp\/v2\/types\/page"}],"author":[{"embeddable":true,"href":"https:\/\/www.icpsolution.com\/index.php?rest_route=\/wp\/v2\/users\/9"}],"replies":[{"embeddable":true,"href":"https:\/\/www.icpsolution.com\/index.php?rest_route=%2Fwp%2Fv2%2Fcomments&post=111"}],"version-history":[{"count":9,"href":"https:\/\/www.icpsolution.com\/index.php?rest_route=\/wp\/v2\/pages\/111\/revisions"}],"predecessor-version":[{"id":2362,"href":"https:\/\/www.icpsolution.com\/index.php?rest_route=\/wp\/v2\/pages\/111\/revisions\/2362"}],"up":[{"embeddable":true,"href":"https:\/\/www.icpsolution.com\/index.php?rest_route=\/wp\/v2\/pages\/11"}],"wp:attachment":[{"href":"https:\/\/www.icpsolution.com\/index.php?rest_route=%2Fwp%2Fv2%2Fmedia&parent=111"}],"curies":[{"name":"wp","href":"https:\/\/api.w.org\/{rel}","templated":true}]}}